{"id":8494,"date":"2021-03-06T19:36:39","date_gmt":"2021-03-06T19:36:39","guid":{"rendered":"http:\/\/martaizquierdomunoz.com\/creditos\/"},"modified":"2021-03-06T19:36:42","modified_gmt":"2021-03-06T19:36:42","slug":"creditos","status":"publish","type":"page","link":"https:\/\/martaizquierdomunoz.com\/es\/creditos\/","title":{"rendered":"Cr\u00e9ditos"},"content":{"rendered":"<p>[vc_row][vc_column offset=\u00bbvc_hidden-md vc_hidden-sm vc_hidden-xs\u00bb][vc_empty_space height=\u00bb100&#8243;][\/vc_column][\/vc_row][vc_row equal_height=\u00bbyes\u00bb content_placement=\u00bbmiddle\u00bb parallax=\u00bbcontent-moving-fade\u00bb css_animation=\u00bbnone\u00bb content_text_aligment=\u00bbcenter\u00bb hover_anim=\u00bbcolor\u00bb hover_anim_color=\u00bb#ffffff\u00bb hover_anim_color_pre_hover=\u00bbcolor_before\u00bb hover_anim_speed=\u00bbslow\u00bb hover_anim_link=\u00bburl:%23two|||\u00bb css=\u00bb.vc_custom_1541512803744{background-color: #ffffff !important;background-position: center;background-repeat: no-repeat !important;background-size: cover !important;}\u00bb title_color=\u00bb\u00bb title_border_color=\u00bb#dd3333&#8243; simple_background_color=\u00bb#0a0a0a\u00bb anchor=\u00bbhome\u00bb el_id=\u00bbone\u00bb][vc_column offset=\u00bbvc_col-lg-12 vc_col-md-12&#8243; el_class=\u00bbscrollid\u00bb][vc_row_inner][vc_column_inner width=\u00bb2\/3&#8243; offset=\u00bbvc_col-lg-offset-2&#8243; css=\u00bb.vc_custom_1541512952162{padding-right: 35px !important;padding-left: 35px !important;}\u00bb][vc_empty_space height=\u00bb100&#8243;]<h1 class=\"eltdf-custom-font-holder  eltdf-cf-1268  \" style=\"font-family: Roboto;text-align: left;color: #000000\" data-item-class=\"eltdf-cf-1268\">\n\tPartenaires<\/h1>[vc_empty_space height=\u00bb50px\u00bb][vc_column_text el_class=\u00bbintrotext\u00bb]<strong>[lodudo] producci\u00f3n<\/strong> es apoyado por el <strong>DRAC Occitanie<\/strong> \u2013 Ministerio de Cultura ayudando con la estructuraci\u00f3n y benefici\u00e1ndose de la ayuda de <strong>Conseil R\u00e9gional d&#8217;Occitanie<\/strong> como parte del apoyo a la creaci\u00f3n art\u00edstica, as\u00ed como el apoyo de la <strong>Conseil D\u00e9partemental de Haute Garonne<\/strong> en apoyo del funcionamiento de las asociaciones culturales. La <strong>ciudad de Toulouse<\/strong> tambi\u00e9n apoya proyectos puntuales (<em>All Style Laboratories<\/em>).<\/p>\n<p><strong>Marta Izquierdo Mu\u00f1oz<\/strong> es artista c\u00f3mplice de <strong>La Place de la Danse<\/strong>, CDCN Toulouse \/ Occitanie desde 2020 y artista asociada en el lugar de creaci\u00f3n <strong>el animal a l&#8217;esquena<\/strong>, (<strong>Celr\u00e0<\/strong> &#8211; Espa\u00f1a) desde 2017.<\/p>\n<p><strong> <\/strong>[\/vc_column_text][vc_empty_space height=\u00bb50px\u00bb]<div class=\"eltdf-clients-carousel-holder eltdf-cc-hover-switch-images\">\n\t<div class=\"eltdf-cc-inner eltdf-owl-slider\" data-number-of-items=\"5\" data-enable-loop=\"yes\" data-enable-autoplay=\"yes\" data-slider-speed=\"5000\" data-slider-speed-animation=\"600\" data-enable-navigation=\"no\" data-enable-pagination=\"no\">\n\t\t<div class=\"eltdf-cc-item eltdf-item-space eltdf-cci-no-link\">\n    <div class=\"eltdf-clients-images-holder\">\n                                    <img itemprop=\"image\" class=\"eltdf-cc-image\" src=\"https:\/\/martaizquierdomunoz.com\/wp-content\/uploads\/2021\/02\/Plan-de-travail-1-1.png\" alt=\"logo de Lodudo\" \/>\n                                        <img itemprop=\"image\" class=\"eltdf-cc-hover-image\" src=\"https:\/\/martaizquierdomunoz.com\/wp-content\/uploads\/2021\/02\/Plan-de-travail-11.png\" alt=\"\" \/>\n                        <\/div>\n<\/div><div class=\"eltdf-cc-item eltdf-item-space eltdf-cci-no-link\">\n    <div class=\"eltdf-clients-images-holder\">\n                                    <img itemprop=\"image\" class=\"eltdf-cc-image\" src=\"https:\/\/martaizquierdomunoz.com\/wp-content\/uploads\/2021\/02\/Plan-de-travail-1-copie-1.png\" alt=\"\" \/>\n                                        <img itemprop=\"image\" class=\"eltdf-cc-hover-image\" src=\"https:\/\/martaizquierdomunoz.com\/wp-content\/uploads\/2021\/02\/Plan-de-travail-11-copie.png\" alt=\"\" \/>\n                        <\/div>\n<\/div><div class=\"eltdf-cc-item eltdf-item-space eltdf-cci-no-link\">\n    <div class=\"eltdf-clients-images-holder\">\n                                    <img itemprop=\"image\" class=\"eltdf-cc-image\" src=\"https:\/\/martaizquierdomunoz.com\/wp-content\/uploads\/2021\/02\/Plan-de-travail-1-copie-4-1.png\" alt=\"\" \/>\n                                        <img itemprop=\"image\" class=\"eltdf-cc-hover-image\" src=\"https:\/\/martaizquierdomunoz.com\/wp-content\/uploads\/2021\/02\/Plan-de-travail-1-copie-41.png\" alt=\"\" \/>\n                        <\/div>\n<\/div><div class=\"eltdf-cc-item eltdf-item-space eltdf-cci-no-link\">\n    <div class=\"eltdf-clients-images-holder\">\n                                    <img itemprop=\"image\" class=\"eltdf-cc-image\" src=\"https:\/\/martaizquierdomunoz.com\/wp-content\/uploads\/2021\/02\/Plan-de-travail-1-copie-2-1.png\" alt=\"\" \/>\n                                        <img itemprop=\"image\" class=\"eltdf-cc-hover-image\" src=\"https:\/\/martaizquierdomunoz.com\/wp-content\/uploads\/2021\/02\/Plan-de-travail-1-copie-21.png\" alt=\"\" \/>\n                        <\/div>\n<\/div><div class=\"eltdf-cc-item eltdf-item-space eltdf-cci-no-link\">\n    <div class=\"eltdf-clients-images-holder\">\n                                    <img itemprop=\"image\" class=\"eltdf-cc-image\" src=\"https:\/\/martaizquierdomunoz.com\/wp-content\/uploads\/2021\/02\/Plan-de-travail-1-copie-3-1.png\" alt=\"\" \/>\n                                        <img itemprop=\"image\" class=\"eltdf-cc-hover-image\" src=\"https:\/\/martaizquierdomunoz.com\/wp-content\/uploads\/2021\/02\/Plan-de-travail-1-copie-31.png\" alt=\"\" \/>\n                        <\/div>\n<\/div>\t<\/div>\n<\/div>[vc_empty_space height=\u00bb100&#8243;][\/vc_column_inner][\/vc_row_inner][\/vc_column][\/vc_row]<\/p>\n","protected":false},"excerpt":{"rendered":"<p>[vc_row][vc_column offset=\u00bbvc_hidden-md vc_hidden-sm vc_hidden-xs\u00bb][vc_empty_space height=\u00bb100&#8243;][\/vc_column][\/vc_row][vc_row equal_height=\u00bbyes\u00bb content_placement=\u00bbmiddle\u00bb parallax=\u00bbcontent-moving-fade\u00bb css_animation=\u00bbnone\u00bb content_text_aligment=\u00bbcenter\u00bb hover_anim=\u00bbcolor\u00bb hover_anim_color=\u00bb#ffffff\u00bb hover_anim_color_pre_hover=\u00bbcolor_before\u00bb hover_anim_speed=\u00bbslow\u00bb hover_anim_link=\u00bburl:%23two|||\u00bb css=\u00bb.vc_custom_1541512803744{background-color: #ffffff !important;background-position: center;background-repeat: no-repeat !important;background-size: cover !important;}\u00bb title_color=\u00bb\u00bb title_border_color=\u00bb#dd3333&#8243; simple_background_color=\u00bb#0a0a0a\u00bb anchor=\u00bbhome\u00bb el_id=\u00bbone\u00bb][vc_column offset=\u00bbvc_col-lg-12 vc_col-md-12&#8243; el_class=\u00bbscrollid\u00bb][vc_row_inner][vc_column_inner width=\u00bb2\/3&#8243; offset=\u00bbvc_col-lg-offset-2&#8243; css=\u00bb.vc_custom_1541512952162{padding-right: 35px !important;padding-left: 35px !important;}\u00bb][vc_empty_space height=\u00bb100&#8243;][vc_empty_space height=\u00bb50px\u00bb][vc_column_text [&hellip;]<\/p>\n","protected":false},"author":1,"featured_media":0,"parent":0,"menu_order":0,"comment_status":"closed","ping_status":"closed","template":"full-width.php","meta":[],"_links":{"self":[{"href":"https:\/\/martaizquierdomunoz.com\/es\/wp-json\/wp\/v2\/pages\/8494"}],"collection":[{"href":"https:\/\/martaizquierdomunoz.com\/es\/wp-json\/wp\/v2\/pages"}],"about":[{"href":"https:\/\/martaizquierdomunoz.com\/es\/wp-json\/wp\/v2\/types\/page"}],"author":[{"embeddable":true,"href":"https:\/\/martaizquierdomunoz.com\/es\/wp-json\/wp\/v2\/users\/1"}],"replies":[{"embeddable":true,"href":"https:\/\/martaizquierdomunoz.com\/es\/wp-json\/wp\/v2\/comments?post=8494"}],"version-history":[{"count":11,"href":"https:\/\/martaizquierdomunoz.com\/es\/wp-json\/wp\/v2\/pages\/8494\/revisions"}],"predecessor-version":[{"id":8505,"href":"https:\/\/martaizquierdomunoz.com\/es\/wp-json\/wp\/v2\/pages\/8494\/revisions\/8505"}],"wp:attachment":[{"href":"https:\/\/martaizquierdomunoz.com\/es\/wp-json\/wp\/v2\/media?parent=8494"}],"curies":[{"name":"wp","href":"https:\/\/api.w.org\/{rel}","templated":true}]}}