{"id":8472,"date":"2021-03-06T19:26:29","date_gmt":"2021-03-06T19:26:29","guid":{"rendered":"http:\/\/martaizquierdomunoz.com\/colaboradores\/youness-anzane\/"},"modified":"2021-03-06T19:26:30","modified_gmt":"2021-03-06T19:26:30","slug":"youness-anzane","status":"publish","type":"page","link":"https:\/\/martaizquierdomunoz.com\/es\/colaboradores\/youness-anzane\/","title":{"rendered":"Youness Anzane"},"content":{"rendered":"<p>[vc_row row_content_width=\u00bbgrid\u00bb show_row_title=\u00bbno\u00bb title_color=\u00bb\u00bb title_border_color=\u00bb\u00bb][vc_column offset=\u00bbvc_hidden-md vc_hidden-sm vc_hidden-xs\u00bb][vc_empty_space height=\u00bb200&#8243;][\/vc_column][\/vc_row][vc_section][vc_row][vc_column width=\u00bb1\/2&#8243;]<div class=\"eltdf-single-image-holder   \">\n    <div class=\"eltdf-si-inner\" >\n                                    <img width=\"500\" height=\"703\" src=\"https:\/\/martaizquierdomunoz.com\/wp-content\/uploads\/2018\/11\/collarb6.jpg\" class=\"attachment-full size-full\" alt=\"\" loading=\"lazy\" srcset=\"https:\/\/martaizquierdomunoz.com\/wp-content\/uploads\/2018\/11\/collarb6.jpg 500w, https:\/\/martaizquierdomunoz.com\/wp-content\/uploads\/2018\/11\/collarb6-213x300.jpg 213w\" sizes=\"(max-width: 500px) 100vw, 500px\" \/>                        <\/div>\n<\/div>[\/vc_column][vc_column width=\u00bb1\/2&#8243;][vc_column_text]<\/p>\n<h2 style=\"color: black;\">Youness Anzane<\/h2>\n<p>[\/vc_column_text][vc_empty_space height=\u00bb30&#8243;][vc_column_text]Youness Anzane naci\u00f3 en 1971 en Casablanca. Es dramaturgo y asesor art\u00edstico de teatro, \u00f3pera y danza, trabajando con los directores Jean Jourdheuil, Thomas Ferrand, Victor Gauthier-Martin, David Gauchard, Yves-No\u00ebl Genod, St\u00e9phane Ghislain Roussel, Sophie Langevin, Laurie Bellanca, Gurshad Shaheman. Colabora con los core\u00f3grafos Christophe Haleb, Jonah Bokaer, Tabea Martin, Lionel Hoche, Julia Cima, Maud Le Pladec, Thierry Micouin,<br \/>\nMarta Izquierdo, Malika Djardi, David Wampach, Meryem Jazouli, Arkadi Zaides, Olivier Muller.<\/p>\n<p>Los espect\u00e1culos se presentan en Par\u00eds &#8211; Festival d&#8217;Automne, Th\u00e9\u00e2tre de la Bastille, Th\u00e9\u00e2tre de la Ville, Th\u00e9\u00e2tre National de la Colline, Bouffes du Nord, Rencontres Chor\u00e9graphiques Internationales de Seine-Saint-Denis, Centre National de la Danse, en el parte de New Settings en el Th\u00e9\u00e2tre de la Cit\u00e9 Internationale &#8211; as\u00ed como en la regi\u00f3n: Festival Actoral en Marsella, Teatro Nacional de Estrasburgo, Teatro Popular Nacional de Villeurbanne, Teatro Nacional de Breta\u00f1a, Festival de Danza de Montpellier, Les Subsistances en Lyon, Uz\u00e8s Danse Festival, Festival d&#8217;Avignon\u2026 Tambi\u00e9n trabaj\u00f3 para producciones en Nueva York,<br \/>\nHouston, Ginebra, Lausana, Basilea, Luxemburgo, Bruselas, Amberes, Lisboa, Casablanca, Marrakech, Berl\u00edn, Dresde, Viena\u2026<\/p>\n<p>Es dramaturgo asociado al Festival d&#8217;Aix-en-Provence para su edici\u00f3n de 2012, luego miembro del equipo de redacci\u00f3n del programa de la edici\u00f3n de 2014. Es el autor del libreto de la \u00f3pera Wonderful Deluxe, m\u00fasica del compositor franc\u00e9s Brice Pauset, para el Grand Th\u00e9\u00e2tre de Luxembourg, as\u00ed como el libreto Crumbling Land, \u00f3pera<br \/>\ncompuesta por el colectivo Puce Moment (producci\u00f3n de la \u00d3pera de Lille).<\/p>\n<p>En 2017, en Luxemburgo, dise\u00f1\u00f3 y dirigi\u00f3 La Voce \u00e8 mobile, una obra de teatro musical creada en el Kinneksbond de Mamer, y dirigi\u00f3 Cosi fan tutte de Mozart como parte de la Acad\u00e9mie Lyrique de l&#8217;Abbaye de Neimenster. Particip\u00f3 en la redacci\u00f3n de la obra La muerte es una enfermedad de la que se curar\u00e1n nuestros hijos, encargada por el Quai des Savoirs de Toulouse y el cie microsyst\u00e8me \/ Th\u00e9\u00e2tre Sorano.[\/vc_column_text][\/vc_column][\/vc_row][vc_row][vc_column][vc_empty_space][\/vc_column][\/vc_row][\/vc_section]<\/p>\n","protected":false},"excerpt":{"rendered":"<p>[vc_row row_content_width=\u00bbgrid\u00bb show_row_title=\u00bbno\u00bb title_color=\u00bb\u00bb title_border_color=\u00bb\u00bb][vc_column offset=\u00bbvc_hidden-md vc_hidden-sm vc_hidden-xs\u00bb][vc_empty_space height=\u00bb200&#8243;][\/vc_column][\/vc_row][vc_section][vc_row][vc_column width=\u00bb1\/2&#8243;][\/vc_column][vc_column width=\u00bb1\/2&#8243;][vc_column_text] Youness Anzane [\/vc_column_text][vc_empty_space height=\u00bb30&#8243;][vc_column_text]Youness Anzane naci\u00f3 en 1971 en Casablanca. Es dramaturgo y asesor art\u00edstico de teatro, \u00f3pera y danza, trabajando con los directores Jean Jourdheuil, Thomas Ferrand, Victor [&hellip;]<\/p>\n","protected":false},"author":1,"featured_media":0,"parent":8354,"menu_order":0,"comment_status":"closed","ping_status":"closed","template":"","meta":[],"_links":{"self":[{"href":"https:\/\/martaizquierdomunoz.com\/es\/wp-json\/wp\/v2\/pages\/8472"}],"collection":[{"href":"https:\/\/martaizquierdomunoz.com\/es\/wp-json\/wp\/v2\/pages"}],"about":[{"href":"https:\/\/martaizquierdomunoz.com\/es\/wp-json\/wp\/v2\/types\/page"}],"author":[{"embeddable":true,"href":"https:\/\/martaizquierdomunoz.com\/es\/wp-json\/wp\/v2\/users\/1"}],"replies":[{"embeddable":true,"href":"https:\/\/martaizquierdomunoz.com\/es\/wp-json\/wp\/v2\/comments?post=8472"}],"version-history":[{"count":5,"href":"https:\/\/martaizquierdomunoz.com\/es\/wp-json\/wp\/v2\/pages\/8472\/revisions"}],"predecessor-version":[{"id":8477,"href":"https:\/\/martaizquierdomunoz.com\/es\/wp-json\/wp\/v2\/pages\/8472\/revisions\/8477"}],"up":[{"embeddable":true,"href":"https:\/\/martaizquierdomunoz.com\/es\/wp-json\/wp\/v2\/pages\/8354"}],"wp:attachment":[{"href":"https:\/\/martaizquierdomunoz.com\/es\/wp-json\/wp\/v2\/media?parent=8472"}],"curies":[{"name":"wp","href":"https:\/\/api.w.org\/{rel}","templated":true}]}}