{"id":8376,"date":"2021-03-06T18:43:53","date_gmt":"2021-03-06T18:43:53","guid":{"rendered":"http:\/\/martaizquierdomunoz.com\/contact\/"},"modified":"2023-11-19T20:52:23","modified_gmt":"2023-11-19T20:52:23","slug":"contact","status":"publish","type":"page","link":"https:\/\/martaizquierdomunoz.com\/es\/contact\/","title":{"rendered":"Contact"},"content":{"rendered":"<p>[vc_row css=\u00bb.vc_custom_1541502974214{padding-right: 35px !important;padding-bottom: 50px !important;padding-left: 35px !important;background-color: #ffffff !important;}\u00bb title_color=\u00bb\u00bb title_border_color=\u00bb\u00bb][vc_column css=\u00bb.vc_custom_1541505114541{background-color: #ffffff !important;}\u00bb offset=\u00bbvc_hidden-md vc_hidden-sm vc_hidden-xs\u00bb][vc_empty_space height=\u00bb10px\u00bb][\/vc_column][\/vc_row][vc_row row_content_width=\u00bbgrid\u00bb show_row_title=\u00bbno\u00bb title_color=\u00bb\u00bb title_border_color=\u00bb\u00bb][vc_column][vc_column_text]<\/p>\n<h1 style=\"color: black;\"><strong>[<\/strong>lodudo<strong>]<\/strong> producci\u00f3n<\/h1>\n<p>[\/vc_column_text][vc_empty_space][vc_row_inner][vc_column_inner][vc_column_text]DIRECCI\u00d3N ART\u00cdSTICA : <strong>Marta Izquierdo Mu\u00f1oz<\/strong><br \/>\n<a href=\"mailto:lodudo.produccion@gmail.com\">lodudo.produccion@gmail.com<\/a> +33 (0)6 82 45 45 71<\/p>\n<p>PRODUCCI\u00d3N, DIFUSI\u00d3N Y COMUNICACI\u00d3N : <strong>Nicolas Cadet<br \/>\n<\/strong><a href=\"mailto:diffusion.lodudo@gmail.com\">diffusion.lodudo@gmail.com<\/a> +33 (0)6 85 62 55 71<\/p>\n<p>DESARROLLO ESPA\u00d1A Y COORDINACI\u00d3N EUROREGI\u00d3N: <strong>\u00c0ngels<\/strong> <strong>Queralt<\/strong><br \/>\nangelsqueralt@gmail.com +33(0)7 50 67 01 61 \/ +34 630 108 209<\/p>\n<p>ADMINISTRACI\u00d3N : <strong>Val\u00e9rie Escassut<\/strong><br \/>\n<a href=\"mailto:adm.lodudo@gmail.com\">adm.lodudo@gmail.com<\/a> +33(0)6 75 82 67 05<\/p>\n<p>\u00abFLIP\u00bb GIRA : <strong>Ingrid Monnier (Picnic Production)<br \/>\n<\/strong><a href=\"mailto:adm.lodudo@gmail.com\">ingridmonnier@picnicproduction.com<\/a> +33(0)6 87 54 28 95[\/vc_column_text][vc_empty_space height=\u00bb20px\u00bb][vc_column_text]<strong>Sede social<\/strong> : 137 Avenue de Castres \u2013 31500 Toulouse<br \/>\n<strong>SIRET<\/strong> : 505 129 437 00057<br \/>\n<strong>Codigo APE<\/strong> : 9001 Z \/ N\u00famero de licencia : 2-1062321[\/vc_column_text][vc_empty_space height=\u00bb20px\u00bb][vc_column_text]<strong>[lodudo] producci\u00f3n<\/strong> est\u00e1 subvencionada por la <strong>DRAC Occitanie<\/strong> \u2013 Ministerio de la Cultura. Tambi\u00e9n recibe la ayuda del <strong>Consejo Regional de Occitanie<\/strong> en el marco del apoyo al desarrollo art\u00edstico, as\u00ed como del <strong>Consejo Departamental de Haute Garonne<\/strong> en ayuda al funcionamiento de asociaciones culturales. La <strong>Ciudad deToulouse<\/strong> tambi\u00e9n respalda proyectos puntuales (Laboratoires <em>All Style<\/em>).<\/p>\n<p><strong>Marta Izquierdo Mu\u00f1oz<\/strong> es artista colaboradora de <strong>La Place de la Danse, CDCN Toulouse\/Occitanie<\/strong> desde 2020 y artista asociada al lugar de creaci\u00f3n art\u00edstica <strong>l\u2019animal a l&#8217;esquena<\/strong>, (<strong>Celr\u00e0 <\/strong>\u2013 Espa\u00f1a) desde 2017, as\u00ed como al <strong>isdaT<\/strong> Instituto Superior de Artes y Dise\u00f1o de Toulouse.[\/vc_column_text][\/vc_column_inner][\/vc_row_inner][\/vc_column][\/vc_row][vc_row css=\u00bb.vc_custom_1541505155967{background-color: #ffffff !important;}\u00bb title_color=\u00bb\u00bb title_border_color=\u00bb\u00bb simple_background_color=\u00bb#ffffff\u00bb][vc_column offset=\u00bbvc_hidden-md vc_hidden-sm vc_hidden-xs\u00bb]<div class=\"eltdf-image-gallery eltdf-grid-list eltdf-disable-bottom-space  eltdf-ig-grid-type eltdf-two-columns eltdf-no-space  \">\n\t<div class=\"eltdf-ig-inner eltdf-outer-space\">\n\t\t\t\t\t<div class=\"eltdf-ig-image eltdf-item-space\">\n\t\t\t\t<div class=\"eltdf-ig-image-inner\">\n\t\t\t\t\t\t\t\t\t\t\t\t\t\t\t\t\t\t\t\t<\/div>\n\t\t\t<\/div>\n\t\t\t<\/div>\n<\/div>[\/vc_column][\/vc_row]<\/p>\n","protected":false},"excerpt":{"rendered":"<p>[vc_row css=\u00bb.vc_custom_1541502974214{padding-right: 35px !important;padding-bottom: 50px !important;padding-left: 35px !important;background-color: #ffffff !important;}\u00bb title_color=\u00bb\u00bb title_border_color=\u00bb\u00bb][vc_column css=\u00bb.vc_custom_1541505114541{background-color: #ffffff !important;}\u00bb offset=\u00bbvc_hidden-md vc_hidden-sm vc_hidden-xs\u00bb][vc_empty_space height=\u00bb10px\u00bb][\/vc_column][\/vc_row][vc_row row_content_width=\u00bbgrid\u00bb show_row_title=\u00bbno\u00bb title_color=\u00bb\u00bb title_border_color=\u00bb\u00bb][vc_column][vc_column_text] [lodudo] producci\u00f3n [\/vc_column_text][vc_empty_space][vc_row_inner][vc_column_inner][vc_column_text]DIRECCI\u00d3N ART\u00cdSTICA : Marta Izquierdo Mu\u00f1oz lodudo.produccion@gmail.com +33 (0)6 82 45 45 71 PRODUCCI\u00d3N, DIFUSI\u00d3N [&hellip;]<\/p>\n","protected":false},"author":1,"featured_media":0,"parent":0,"menu_order":0,"comment_status":"closed","ping_status":"closed","template":"full-width.php","meta":[],"_links":{"self":[{"href":"https:\/\/martaizquierdomunoz.com\/es\/wp-json\/wp\/v2\/pages\/8376"}],"collection":[{"href":"https:\/\/martaizquierdomunoz.com\/es\/wp-json\/wp\/v2\/pages"}],"about":[{"href":"https:\/\/martaizquierdomunoz.com\/es\/wp-json\/wp\/v2\/types\/page"}],"author":[{"embeddable":true,"href":"https:\/\/martaizquierdomunoz.com\/es\/wp-json\/wp\/v2\/users\/1"}],"replies":[{"embeddable":true,"href":"https:\/\/martaizquierdomunoz.com\/es\/wp-json\/wp\/v2\/comments?post=8376"}],"version-history":[{"count":19,"href":"https:\/\/martaizquierdomunoz.com\/es\/wp-json\/wp\/v2\/pages\/8376\/revisions"}],"predecessor-version":[{"id":9014,"href":"https:\/\/martaizquierdomunoz.com\/es\/wp-json\/wp\/v2\/pages\/8376\/revisions\/9014"}],"wp:attachment":[{"href":"https:\/\/martaizquierdomunoz.com\/es\/wp-json\/wp\/v2\/media?parent=8376"}],"curies":[{"name":"wp","href":"https:\/\/api.w.org\/{rel}","templated":true}]}}