{"id":7867,"date":"2018-08-10T11:08:20","date_gmt":"2018-08-10T11:08:20","guid":{"rendered":"http:\/\/martaizquierdomunoz.com\/about-us\/"},"modified":"2021-03-07T13:50:02","modified_gmt":"2021-03-07T13:50:02","slug":"about-us","status":"publish","type":"page","link":"https:\/\/martaizquierdomunoz.com\/es\/","title":{"rendered":"Bienvenida"},"content":{"rendered":"<p>[vc_row content_placement=\u00bbmiddle\u00bb css_animation=\u00bbnone\u00bb hover_anim=\u00bbcolor\u00bb hover_anim_color=\u00bb#ffffff\u00bb hover_anim_color_pre_hover=\u00bbcolor_before\u00bb hover_anim_speed=\u00bbslow\u00bb hover_anim_link=\u00bburl:%23two|||\u00bb css=\u00bb.vc_custom_1547630790273{padding-top: 400px !important;padding-bottom: 400px !important;background-position: center !important;background-repeat: no-repeat !important;background-size: cover !important;}\u00bb title_color=\u00bb\u00bb title_border_color=\u00bb#dd3333&#8243; simple_background_color=\u00bb#0a0a0a\u00bb anchor=\u00bbhome\u00bb][vc_column offset=\u00bbvc_col-lg-12 vc_col-md-12 vc_hidden-md vc_hidden-sm vc_hidden-xs\u00bb css=\u00bb.vc_custom_1547630591692{padding-right: 100px !important;padding-left: 100px !important;}\u00bb el_class=\u00bbscrollid\u00bb]<div class='gambit_background_row' style='background-image: url(https:\/\/martaizquierdomunoz.com\/wp-content\/uploads\/2020\/07\/GUERILLERES-c-lodudo-produccion.jpg);background-size: cover;background-position: center;'><\/div>[\/vc_column][\/vc_row][vc_section full_width=\u00bbstretch_row\u00bb css=\u00bb.vc_custom_1541466193068{padding-bottom: 1px !important;background-position: center !important;background-repeat: no-repeat !important;background-size: cover !important;}\u00bb][vc_row][vc_column offset=\u00bbvc_hidden-md vc_hidden-sm vc_hidden-xs\u00bb][vc_empty_space height=\u00bb80&#8243;][\/vc_column][\/vc_row][vc_row row_content_width=\u00bbgrid\u00bb show_row_title=\u00bbno\u00bb hover_anim_link=\u00bburl:%23three|||\u00bb title_color=\u00bb\u00bb title_border_color=\u00bb\u00bb][vc_column css=\u00bb.vc_custom_1541510600263{padding-right: 25px !important;padding-left: 25px !important;}\u00bb]<h2 class=\"eltdf-custom-font-holder  eltdf-cf-2529 eltdf-cf-has-type-out \" style=\"font-family: Roboto;font-size: 36px;font-weight: 800;text-transform: capitalize;text-align: left;color: #000000\" data-item-class=\"eltdf-cf-2529\" data-font-size-1024=\"36px\" data-font-size-768=\"36px\" data-font-size-680=\"36px\" data-line-height-1024=\"36px\" data-line-height-768=\"36px\" data-line-height-680=\"36px\">\n\tINTRODUCTION.<\/h2>[vc_empty_space height=\u00bb15&#8243;][vc_wp_text]<\/p>\n<p id=\"tw-target-text\" class=\"tw-data-text tw-text-large XcVN5d tw-ta\" dir=\"ltr\" data-placeholder=\"Traduction\"><span lang=\"en\">Llegada a la danza despu\u00e9s de realizar estudios de psicolog\u00eda en Madrid, su ciudad natal, Marta Izquierdo Mu\u00f1oz practica la danza con un enorme apetito (ballet, jazz, danza contempor\u00e1nea, flamenco, clubing) antes de firmar sus primeros proyectos personales a partir de 2007 y de crear su compa\u00f1\u00eda, [lodudo] producci\u00f3n. Despu\u00e9s de haber sido int\u00e9rprete para algunas producciones importantes, con Catherine Diverr\u00e8s (CCNRB) y Fran\u00e7ois Verret, ella orienta sus proyectos hacia formas m\u00e1s estrechas (del solo acompa\u00f1ado al tr\u00edo), viajantes (Francia, Espa\u00f1a, Alemania, Austria, Jap\u00f3n) y que toman el tiempo necesario a los encuentros. [..]<\/span><\/p>\n<p>[\/vc_wp_text]<div class=\"eltdf-elements-holder   eltdf-one-column  eltdf-responsive-mode-768 eltdf-one-column-alignment-center\" ><div class=\"eltdf-eh-item   eltdf-horizontal-alignment-right \"  data-item-class=\"eltdf-eh-custom-9729\">\n\t<div class=\"eltdf-eh-item-inner\">\n\t\t<div class=\"eltdf-eh-item-content eltdf-eh-custom-9729\" >\n\t\t\t[vc_empty_space height=\u00bb20&#8243;]<a itemprop=\"url\" href=\"http:\/\/martaizquierdomunoz.com\/biographie\/\" target=\"_self\" style=\"color: #0099ff;border-color: #0099ff;text-transform: uppercase;padding: 5px 10px 5px 10px\" class=\"eltdf-btn eltdf-btn-medium eltdf-btn-outline eltdf-btn-custom-hover-bg eltdf-btn-custom-border-hover eltdf-btn-custom-hover-color butt\" data-hover-color=\"#ff0088\" data-hover-bg-color=\"#ffffff\" data-hover-border-color=\"#ff0088\" >\n    <span class=\"eltdf-btn-text\">Lire la suite<\/span>\n    <\/a>\t\t<\/div>\n\t<\/div>\n<\/div><\/div>[\/vc_column][\/vc_row][vc_row content_placement=\u00bbmiddle\u00bb row_content_width=\u00bbgrid\u00bb show_row_title=\u00bbno\u00bb hover_anim_link=\u00bburl:%23three|||\u00bb css=\u00bb.vc_custom_1541427280350{background-color: rgba(255,255,255,0.2) !important;*background-color: rgb(255,255,255) !important;}\u00bb title_color=\u00bb\u00bb title_border_color=\u00bb\u00bb][vc_column width=\u00bb1\/4&#8243; offset=\u00bbvc_hidden-sm vc_hidden-xs\u00bb css=\u00bb.vc_custom_1541426094933{padding-right: 30px !important;padding-left: 30px !important;background-position: center !important;background-repeat: no-repeat !important;background-size: cover !important;}\u00bb]<h2 class=\"eltdf-custom-font-holder  eltdf-cf-4189 eltdf-cf-has-type-out \" style=\"font-family: Roboto;font-size: 36px;font-weight: 800;text-transform: capitalize;text-align: left;color: #000000\" data-item-class=\"eltdf-cf-4189\">\n\tSHOWS<\/h2>[\/vc_column][vc_column css_animation=\u00bbslideInLeft\u00bb width=\u00bb3\/4&#8243; offset=\u00bbvc_hidden-md vc_hidden-sm vc_hidden-xs\u00bb][\/vc_column][vc_column el_class=\u00bbprojetsHome\u00bb offset=\u00bbvc_hidden-md vc_hidden-sm vc_hidden-xs\u00bb][vc_basic_grid post_type=\u00bbportfolio-item\u00bb max_items=\u00bb3&#8243; orderby=\u00bbtitle\u00bb order=\u00bbASC\u00bb item=\u00bb7287&#8243; grid_id=\u00bbvc_gid:1615124935212-1abdbe7d-889a-8&#8243; exclude=\u00bb6429, 6958, 6272, 6371, 6367, 6390, 6400, 6414, 6943, 7204, 7199, 6960, 6949&#8243;][\/vc_column][\/vc_row][\/vc_section][vc_section full_width=\u00bbstretch_row\u00bb css=\u00bb.vc_custom_1541428014072{background-position: center !important;background-repeat: no-repeat !important;background-size: cover !important;}\u00bb][vc_row content_placement=\u00bbmiddle\u00bb row_content_width=\u00bbgrid\u00bb show_row_title=\u00bbno\u00bb hover_anim_link=\u00bburl:%23three|||\u00bb css=\u00bb.vc_custom_1541445276584{background-color: rgba(255,255,255,0.2) !important;*background-color: rgb(255,255,255) !important;}\u00bb title_color=\u00bb\u00bb title_border_color=\u00bb\u00bb][vc_column width=\u00bb1\/3&#8243; offset=\u00bbvc_hidden-md vc_hidden-sm vc_hidden-xs\u00bb]<h2 class=\"eltdf-custom-font-holder  eltdf-cf-9633 eltdf-cf-has-type-out \" style=\"font-family: Roboto;font-size: 36px;font-weight: 800;text-transform: capitalize;text-align: left;color: #000000\" data-item-class=\"eltdf-cf-9633\">\n\t<\/h2>[\/vc_column][vc_column css_animation=\u00bbslideInRight\u00bb width=\u00bb2\/3&#8243; offset=\u00bbvc_hidden-md vc_hidden-sm vc_hidden-xs\u00bb css=\u00bb.vc_custom_1541512333251{padding-right: 30px !important;padding-left: 30px !important;background-position: center !important;background-repeat: no-repeat !important;background-size: cover !important;}\u00bb][\/vc_column][vc_column offset=\u00bbvc_hidden-md vc_hidden-sm vc_hidden-xs\u00bb][vc_basic_grid post_type=\u00bbevenement\u00bb max_items=\u00bb8&#8243; element_width=\u00bb12&#8243; gap=\u00bb20&#8243; orderby=\u00bbmeta_value\u00bb order=\u00bbASC\u00bb item=\u00bb7018&#8243; grid_id=\u00bbvc_gid:1615124935213-98b98b3e-4388-3&#8243; meta_key=\u00bbdate_spectacle\u00bb]<div class=\"eltdf-elements-holder   eltdf-one-column  eltdf-responsive-mode-768 eltdf-one-column-alignment-center\" ><div class=\"eltdf-eh-item   eltdf-horizontal-alignment-center \"  data-item-class=\"eltdf-eh-custom-3915\">\n\t<div class=\"eltdf-eh-item-inner\">\n\t\t<div class=\"eltdf-eh-item-content eltdf-eh-custom-3915\" >\n\t\t\t[vc_empty_space height=\u00bb50&#8243;]<a itemprop=\"url\" href=\"\/calendrier\" target=\"_self\" style=\"color: #ff0088;border-color: #ff0088;font-size: 15px;text-transform: uppercase\" class=\"eltdf-btn eltdf-btn-large eltdf-btn-outline eltdf-btn-custom-hover-bg eltdf-btn-custom-border-hover eltdf-btn-custom-hover-color butt\" data-hover-color=\"#0099ff\" data-hover-bg-color=\"#ffffff\" data-hover-border-color=\"#0099ff\" >\n    <span class=\"eltdf-btn-text\">TODAS LAS FECHAS<\/span>\n    <\/a>\t\t<\/div>\n\t<\/div>\n<\/div><\/div>[\/vc_column][\/vc_row][\/vc_section][vc_row content_placement=\u00bbmiddle\u00bb row_content_width=\u00bbgrid\u00bb show_row_title=\u00bbno\u00bb hover_anim_link=\u00bburl:%23three|||\u00bb css=\u00bb.vc_custom_1541445276584{background-color: rgba(255,255,255,0.2) !important;*background-color: rgb(255,255,255) !important;}\u00bb title_color=\u00bb\u00bb title_border_color=\u00bb\u00bb][vc_column width=\u00bb1\/3&#8243; offset=\u00bbvc_hidden-md vc_hidden-sm vc_hidden-xs\u00bb]<h2 class=\"eltdf-custom-font-holder  eltdf-cf-4921 eltdf-cf-has-type-out \" style=\"font-family: Roboto;font-size: 36px;font-weight: 800;text-transform: capitalize;text-align: left;color: #000000\" data-item-class=\"eltdf-cf-4921\">\n\tSOCIOS<\/h2>[\/vc_column][vc_column css_animation=\u00bbslideInRight\u00bb width=\u00bb2\/3&#8243; offset=\u00bbvc_hidden-md vc_hidden-sm vc_hidden-xs\u00bb css=\u00bb.vc_custom_1541512333251{padding-right: 30px !important;padding-left: 30px !important;background-position: center !important;background-repeat: no-repeat !important;background-size: cover !important;}\u00bb][\/vc_column][vc_column offset=\u00bbvc_hidden-md vc_hidden-sm vc_hidden-xs\u00bb]<div class=\"eltdf-clients-carousel-holder eltdf-cc-hover-switch-images\">\n\t<div class=\"eltdf-cc-inner eltdf-owl-slider\" data-number-of-items=\"5\" data-enable-loop=\"yes\" data-enable-autoplay=\"yes\" data-slider-speed=\"5000\" data-slider-speed-animation=\"600\" data-enable-navigation=\"no\" data-enable-pagination=\"no\">\n\t\t<div class=\"eltdf-cc-item eltdf-item-space eltdf-cci-no-link\">\n    <div class=\"eltdf-clients-images-holder\">\n                                    <img itemprop=\"image\" class=\"eltdf-cc-image\" src=\"https:\/\/martaizquierdomunoz.com\/wp-content\/uploads\/2021\/02\/Plan-de-travail-1-1.png\" alt=\"logo de Lodudo\" \/>\n                                        <img itemprop=\"image\" class=\"eltdf-cc-hover-image\" src=\"https:\/\/martaizquierdomunoz.com\/wp-content\/uploads\/2021\/02\/Plan-de-travail-11.png\" alt=\"\" \/>\n                        <\/div>\n<\/div><div class=\"eltdf-cc-item eltdf-item-space eltdf-cci-no-link\">\n    <div class=\"eltdf-clients-images-holder\">\n                                    <img itemprop=\"image\" class=\"eltdf-cc-image\" src=\"https:\/\/martaizquierdomunoz.com\/wp-content\/uploads\/2021\/02\/Plan-de-travail-1-copie-3-1.png\" alt=\"\" \/>\n                                        <img itemprop=\"image\" class=\"eltdf-cc-hover-image\" src=\"https:\/\/martaizquierdomunoz.com\/wp-content\/uploads\/2021\/02\/Plan-de-travail-1-copie-31.png\" alt=\"\" \/>\n                        <\/div>\n<\/div><div class=\"eltdf-cc-item eltdf-item-space eltdf-cci-no-link\">\n    <div class=\"eltdf-clients-images-holder\">\n                                    <img itemprop=\"image\" class=\"eltdf-cc-image\" src=\"https:\/\/martaizquierdomunoz.com\/wp-content\/uploads\/2021\/02\/Plan-de-travail-1-copie-1.png\" alt=\"\" \/>\n                                        <img itemprop=\"image\" class=\"eltdf-cc-hover-image\" src=\"https:\/\/martaizquierdomunoz.com\/wp-content\/uploads\/2021\/02\/Plan-de-travail-11-copie.png\" alt=\"\" \/>\n                        <\/div>\n<\/div><div class=\"eltdf-cc-item eltdf-item-space eltdf-cci-no-link\">\n    <div class=\"eltdf-clients-images-holder\">\n                                    <img itemprop=\"image\" class=\"eltdf-cc-image\" src=\"https:\/\/martaizquierdomunoz.com\/wp-content\/uploads\/2021\/02\/Plan-de-travail-1-copie-4-1.png\" alt=\"\" \/>\n                                        <img itemprop=\"image\" class=\"eltdf-cc-hover-image\" src=\"https:\/\/martaizquierdomunoz.com\/wp-content\/uploads\/2021\/02\/Plan-de-travail-1-copie-41.png\" alt=\"\" \/>\n                        <\/div>\n<\/div><div class=\"eltdf-cc-item eltdf-item-space eltdf-cci-no-link\">\n    <div class=\"eltdf-clients-images-holder\">\n                                    <img itemprop=\"image\" class=\"eltdf-cc-image\" src=\"https:\/\/martaizquierdomunoz.com\/wp-content\/uploads\/2021\/02\/Plan-de-travail-1-copie-2-1.png\" alt=\"\" \/>\n                                        <img itemprop=\"image\" class=\"eltdf-cc-hover-image\" src=\"https:\/\/martaizquierdomunoz.com\/wp-content\/uploads\/2021\/02\/Plan-de-travail-1-copie-21.png\" alt=\"\" \/>\n                        <\/div>\n<\/div>\t<\/div>\n<\/div>[\/vc_column][\/vc_row][vc_row content_placement=\u00bbmiddle\u00bb disable_element=\u00bbyes\u00bb row_content_width=\u00bbgrid\u00bb show_row_title=\u00bbno\u00bb content_text_aligment=\u00bbcenter\u00bb css=\u00bb.vc_custom_1541446907506{margin-top: 80px !important;background-color: #ffffff !important;background-position: center !important;background-repeat: no-repeat !important;background-size: cover !important;}\u00bb title_color=\u00bb\u00bb title_border_color=\u00bb\u00bb simple_background_color=\u00bbrgba(0,0,0,0.01)\u00bb][vc_column width=\u00bb1\/3&#8243; css=\u00bb.vc_custom_1541444897684{border-top-width: 10px !important;border-right-width: 10px !important;border-bottom-width: 10px !important;border-left-width: 10px !important;padding-top: 200px !important;padding-bottom: 200px !important;border-left-color: #d0ff00 !important;border-left-style: solid !important;border-right-color: #d0ff00 !important;border-right-style: solid !important;border-top-color: #d0ff00 !important;border-top-style: solid !important;border-bottom-color: #d0ff00 !important;border-bottom-style: solid !important;}\u00bb el_id=\u00bbnewsletter\u00bb][\/vc_column][vc_column width=\u00bb2\/3&#8243; css=\u00bb.vc_custom_1541445031942{padding-top: 50px !important;padding-right: 50px !important;padding-bottom: 50px !important;padding-left: 50px !important;}\u00bb]<h2 class=\"eltdf-custom-font-holder  eltdf-cf-4674 eltdf-cf-has-type-out \" style=\"font-family: Roboto;font-size: 36px;font-weight: 800;text-transform: capitalize;text-align: center;color: #000000\" data-item-class=\"eltdf-cf-4674\">\n\tNEWSLETTER<\/h2>[vc_empty_space height=\u00bb12px\u00bb]<div role=\"form\" class=\"wpcf7\" id=\"wpcf7-f281-o1\" lang=\"en-US\" dir=\"ltr\">\n<div class=\"screen-reader-response\"><p role=\"status\" aria-live=\"polite\" aria-atomic=\"true\"><\/p> <ul><\/ul><\/div>\n<form action=\"\/es\/wp-json\/wp\/v2\/pages\/7867#wpcf7-f281-o1\" method=\"post\" class=\"wpcf7-form init cf7_custom_style_1\" novalidate=\"novalidate\" data-status=\"init\">\n<div style=\"display: none;\">\n<input type=\"hidden\" name=\"_wpcf7\" value=\"281\" \/>\n<input type=\"hidden\" name=\"_wpcf7_version\" value=\"5.6\" \/>\n<input type=\"hidden\" name=\"_wpcf7_locale\" value=\"en_US\" \/>\n<input type=\"hidden\" name=\"_wpcf7_unit_tag\" value=\"wpcf7-f281-o1\" \/>\n<input type=\"hidden\" name=\"_wpcf7_container_post\" value=\"0\" \/>\n<input type=\"hidden\" name=\"_wpcf7_posted_data_hash\" value=\"\" \/>\n<\/div>\n<div class=\"eltdf-two-columns-form-without-space eltdf-newsletter-form\">\n<div class=\"eltdf-column-left\">\n<span class=\"wpcf7-form-control-wrap\" data-name=\"your-email\"><input type=\"email\" name=\"your-email\" value=\"\" size=\"40\" class=\"wpcf7-form-control wpcf7-text wpcf7-email wpcf7-validates-as-required wpcf7-validates-as-email\" aria-required=\"true\" aria-invalid=\"false\" \/><\/span>\n<\/div>\n<div class=\"eltdf-column-right\">\n<input type=\"submit\" value=\"&#xf474;\" class=\"wpcf7-form-control has-spinner wpcf7-submit\" \/>\n<\/div>\n<\/div>\n<div class=\"wpcf7-response-output\" aria-hidden=\"true\"><\/div><\/form><\/div>[vc_empty_space height=\u00bb12px\u00bb]<h2 class=\"eltdf-custom-font-holder  eltdf-cf-4488  \" style=\"font-size: 20px;font-weight: 400;color: #0a0a0a\" data-item-class=\"eltdf-cf-4488\">\n\tInscrivez-vous pour recevoir les derni\u00e8res actualit\u00e9s<\/h2>[vc_empty_space height=\u00bb60px\u00bb][\/vc_column][\/vc_row][vc_row content_placement=\u00bbmiddle\u00bb disable_element=\u00bbyes\u00bb row_content_width=\u00bbgrid\u00bb show_row_title=\u00bbno\u00bb content_text_aligment=\u00bbcenter\u00bb css=\u00bb.vc_custom_1541448193355{margin-top: 80px !important;background-color: #ffffff !important;background-position: center !important;background-repeat: no-repeat !important;background-size: cover !important;}\u00bb title_color=\u00bb\u00bb title_border_color=\u00bb\u00bb simple_background_color=\u00bbrgba(0,0,0,0.01)\u00bb][vc_column css=\u00bb.vc_custom_1541448052539{border-top-width: 10px !important;border-right-width: 10px !important;border-bottom-width: 10px !important;border-left-width: 10px !important;padding-top: 30px !important;padding-right: 100px !important;padding-bottom: 30px !important;padding-left: 100px !important;border-left-color: #0099ff !important;border-left-style: solid !important;border-right-color: #0099ff !important;border-right-style: solid !important;border-top-color: #0099ff !important;border-top-style: solid !important;border-bottom-color: #0099ff !important;border-bottom-style: solid !important;border-radius: 35px !important;}\u00bb el_class=\u00bbcircle\u00bb]<h2 class=\"eltdf-custom-font-holder  eltdf-cf-7084  \" style=\"font-family: Roboto;font-size: 36px;font-weight: 800;text-transform: capitalize;text-align: center;color: #0099ff\" data-item-class=\"eltdf-cf-7084\">\n\tNEWSLETTER<\/h2><div role=\"form\" class=\"wpcf7\" id=\"wpcf7-f281-o2\" lang=\"en-US\" dir=\"ltr\">\n<div class=\"screen-reader-response\"><p role=\"status\" aria-live=\"polite\" aria-atomic=\"true\"><\/p> <ul><\/ul><\/div>\n<form action=\"\/es\/wp-json\/wp\/v2\/pages\/7867#wpcf7-f281-o2\" method=\"post\" class=\"wpcf7-form init cf7_custom_style_1\" novalidate=\"novalidate\" data-status=\"init\">\n<div style=\"display: none;\">\n<input type=\"hidden\" name=\"_wpcf7\" value=\"281\" \/>\n<input type=\"hidden\" name=\"_wpcf7_version\" value=\"5.6\" \/>\n<input type=\"hidden\" name=\"_wpcf7_locale\" value=\"en_US\" \/>\n<input type=\"hidden\" name=\"_wpcf7_unit_tag\" value=\"wpcf7-f281-o2\" \/>\n<input type=\"hidden\" name=\"_wpcf7_container_post\" value=\"0\" \/>\n<input type=\"hidden\" name=\"_wpcf7_posted_data_hash\" value=\"\" \/>\n<\/div>\n<div class=\"eltdf-two-columns-form-without-space eltdf-newsletter-form\">\n<div class=\"eltdf-column-left\">\n<span class=\"wpcf7-form-control-wrap\" data-name=\"your-email\"><input type=\"email\" name=\"your-email\" value=\"\" size=\"40\" class=\"wpcf7-form-control wpcf7-text wpcf7-email wpcf7-validates-as-required wpcf7-validates-as-email\" aria-required=\"true\" aria-invalid=\"false\" \/><\/span>\n<\/div>\n<div class=\"eltdf-column-right\">\n<input type=\"submit\" value=\"&#xf474;\" class=\"wpcf7-form-control has-spinner wpcf7-submit\" \/>\n<\/div>\n<\/div>\n<div class=\"wpcf7-response-output\" aria-hidden=\"true\"><\/div><\/form><\/div><h2 class=\"eltdf-custom-font-holder  eltdf-cf-6164  \" style=\"font-size: 20px;font-weight: 400;color: #0099ff\" data-item-class=\"eltdf-cf-6164\">\n\tInscrivez-vous pour recevoir les derni\u00e8res actualit\u00e9s<\/h2>[\/vc_column][\/vc_row][vc_row full_width=\u00bbstretch_row\u00bb content_placement=\u00bbbottom\u00bb disable_element=\u00bbyes\u00bb title_color=\u00bb\u00bb title_border_color=\u00bb\u00bb css=\u00bb.vc_custom_1542042663033{margin-top: 50px !important;}\u00bb][vc_column offset=\u00bbvc_hidden-md vc_hidden-sm vc_hidden-xs\u00bb css=\u00bb.vc_custom_1541470672904{margin-bottom: -30px !important;}\u00bb]<svg id=\"gambit-row-separator-1\" preserveAspectRatio=\"xMidYMax meet\" class=\"gambit_separator gambit_sep_top gambit-sep-type-dissolve-square\" viewBox=\"0 0 1600 200\" data-bg-color=\"#d6d6d6\" style=\"display: none; width: 100%; height: calc(200 \/ 1600 * 100vw)\" data-height=\"200\"><svg id=\"Calque_1\" data-name=\"Calque 1\" xmlns=\"http:\/\/www.w3.org\/2000\/svg\" viewBox=\"0 0 532 266\"><defs><style>.cls-1{fill:#f08;}<\/style><\/defs><title>Sans titre - 1<\/title><path class=\"cls-1\" d=\"M615.45,81.45A261,261,0,0,1,1061,266h5C1066,119.09,946.91,0,800,0S534,119.09,534,266h5A259.25,259.25,0,0,1,615.45,81.45Z\" transform=\"translate(-534 0)\"\/><path class=\"cls-1\" d=\"M800,5A261,261,0,0,0,539,266h5a256,256,0,1,1,512,0h5A261,261,0,0,0,800,5Z\" transform=\"translate(-534 0)\"\/><\/svg><\/svg>[\/vc_column][\/vc_row]<\/p>\n","protected":false},"excerpt":{"rendered":"<p>[vc_row content_placement=\u00bbmiddle\u00bb css_animation=\u00bbnone\u00bb hover_anim=\u00bbcolor\u00bb hover_anim_color=\u00bb#ffffff\u00bb hover_anim_color_pre_hover=\u00bbcolor_before\u00bb hover_anim_speed=\u00bbslow\u00bb hover_anim_link=\u00bburl:%23two|||\u00bb css=\u00bb.vc_custom_1547630790273{padding-top: 400px !important;padding-bottom: 400px !important;background-position: center !important;background-repeat: no-repeat !important;background-size: cover !important;}\u00bb title_color=\u00bb\u00bb title_border_color=\u00bb#dd3333&#8243; simple_background_color=\u00bb#0a0a0a\u00bb anchor=\u00bbhome\u00bb][vc_column offset=\u00bbvc_col-lg-12 vc_col-md-12 vc_hidden-md vc_hidden-sm vc_hidden-xs\u00bb css=\u00bb.vc_custom_1547630591692{padding-right: 100px !important;padding-left: 100px !important;}\u00bb el_class=\u00bbscrollid\u00bb][\/vc_column][\/vc_row][vc_section full_width=\u00bbstretch_row\u00bb css=\u00bb.vc_custom_1541466193068{padding-bottom: 1px !important;background-position: center !important;background-repeat: [&hellip;]<\/p>\n","protected":false},"author":1,"featured_media":7869,"parent":0,"menu_order":0,"comment_status":"closed","ping_status":"closed","template":"full-width.php","meta":[],"_links":{"self":[{"href":"https:\/\/martaizquierdomunoz.com\/es\/wp-json\/wp\/v2\/pages\/7867"}],"collection":[{"href":"https:\/\/martaizquierdomunoz.com\/es\/wp-json\/wp\/v2\/pages"}],"about":[{"href":"https:\/\/martaizquierdomunoz.com\/es\/wp-json\/wp\/v2\/types\/page"}],"author":[{"embeddable":true,"href":"https:\/\/martaizquierdomunoz.com\/es\/wp-json\/wp\/v2\/users\/1"}],"replies":[{"embeddable":true,"href":"https:\/\/martaizquierdomunoz.com\/es\/wp-json\/wp\/v2\/comments?post=7867"}],"version-history":[{"count":29,"href":"https:\/\/martaizquierdomunoz.com\/es\/wp-json\/wp\/v2\/pages\/7867\/revisions"}],"predecessor-version":[{"id":8531,"href":"https:\/\/martaizquierdomunoz.com\/es\/wp-json\/wp\/v2\/pages\/7867\/revisions\/8531"}],"wp:featuredmedia":[{"embeddable":true,"href":"https:\/\/martaizquierdomunoz.com\/es\/wp-json\/wp\/v2\/media\/7869"}],"wp:attachment":[{"href":"https:\/\/martaizquierdomunoz.com\/es\/wp-json\/wp\/v2\/media?parent=7867"}],"curies":[{"name":"wp","href":"https:\/\/api.w.org\/{rel}","templated":true}]}}