{"id":8512,"date":"2021-03-06T19:38:07","date_gmt":"2021-03-06T19:38:07","guid":{"rendered":"http:\/\/martaizquierdomunoz.com\/mentions-legales\/"},"modified":"2021-03-06T19:38:09","modified_gmt":"2021-03-06T19:38:09","slug":"mentions-legales","status":"publish","type":"page","link":"https:\/\/martaizquierdomunoz.com\/en\/mentions-legales\/","title":{"rendered":"Mentions L\u00e9gales"},"content":{"rendered":"<p>[vc_row][vc_column offset=&#8221;vc_hidden-md vc_hidden-sm vc_hidden-xs&#8221;][vc_empty_space height=&#8221;100&#8243;][\/vc_column][\/vc_row][vc_row equal_height=&#8221;yes&#8221; content_placement=&#8221;middle&#8221; parallax=&#8221;content-moving-fade&#8221; css_animation=&#8221;none&#8221; content_text_aligment=&#8221;center&#8221; hover_anim=&#8221;color&#8221; hover_anim_color=&#8221;#ffffff&#8221; hover_anim_color_pre_hover=&#8221;color_before&#8221; hover_anim_speed=&#8221;slow&#8221; hover_anim_link=&#8221;url:%23two|||&#8221; css=&#8221;.vc_custom_1541512803744{background-color: #ffffff !important;background-position: center;background-repeat: no-repeat !important;background-size: cover !important;}&#8221; title_color=&#8221;&#8221; title_border_color=&#8221;#dd3333&#8243; simple_background_color=&#8221;#0a0a0a&#8221; anchor=&#8221;home&#8221; el_id=&#8221;one&#8221;][vc_column offset=&#8221;vc_col-lg-12 vc_col-md-12&#8243; el_class=&#8221;scrollid&#8221;][vc_row_inner][vc_column_inner width=&#8221;2\/3&#8243; offset=&#8221;vc_col-lg-offset-2&#8243; css=&#8221;.vc_custom_1541512952162{padding-right: 35px !important;padding-left: 35px !important;}&#8221;][vc_empty_space height=&#8221;100&#8243;]<h1 class=\"eltdf-custom-font-holder  eltdf-cf-3378  \" style=\"font-family: Roboto;text-align: left;color: #000000\" data-item-class=\"eltdf-cf-3378\">\n\tMentions L\u00e9gales<\/h1>[vc_empty_space height=&#8221;50px&#8221;][vc_column_text el_class=&#8221;introtext&#8221;]<\/p>\n<div>\n<p>Merci de lire attentivement les pr\u00e9sentes modalit\u00e9s d&#8217;utilisation du pr\u00e9sent site avant de le parcourir. By connecting to this site, you fully accept these terms and conditions.<\/p>\n<\/div>\n<h3><span style=\"color: #000000;\"><strong>Site editor<\/strong><\/span><\/h3>\n<p>Marta Izquierdo Mu\u00f1oz \/ Lodudo production<br \/>\nPublished by Blokk * Agence<br \/>\n78 rue lesage 51100 Reims France<br \/>\nPhone. : + 33 (0)6 17 90 60 50<br \/>\n<a href=\"https:\/\/www.blokk.fr\">www.blokk.fr<\/a><\/p>\n<h3><span style=\"color: #000000;\"><strong>Terms of use<\/strong><\/span><\/h3>\n<article>\n<div>\n<p>The site accessible by the following url:<a href=\"http:\/\/martaizquierdomunoz.com\/en\/\"> www.martaizquierdomunoz.com<\/a> is operated in compliance with French law. The use of this site is governed by these general conditions. By using the site, you acknowledge having read these conditions and have accepted them. These can be modified at any time and without notice by the company Blokk *. Blokk * cannot be held responsible in any way for misuse of the service.<\/p>\n<h3><span style=\"color: #000000;\"><strong>Limitation of Liability<\/strong><\/span><\/h3>\n<p>The information contained on this site is as accurate as possible and the site is periodically updated, but may however contain inaccuracies, omissions or gaps. If you notice a gap, error or what appears to be a malfunction, please report it by <a href=\"https:\/\/www.site-internet-qualite.fr\/nos-coordonnees.html\">E-mail<\/a> by describing the problem as precisely as possible (page causing the problem, triggering action, type of computer and browser used, etc.) All downloaded content is done at the user&#8217;s own risk and under his sole responsibility. Consequently, Marta Izquierdo Mu\u00f1oz cannot be held responsible for any damage to the user&#8217;s computer or any loss of data resulting from the download.<a href=\"https:\/\/www.site-internet-qualite.fr\/\"> <\/a> <a href=\"http:\/\/www.natural-net.fr\/\"> <\/a><\/p>\n<h3><span style=\"color: #000000;\"><strong>Declaration to the CNIL<\/strong><\/span><\/h3>\n<p>In accordance with Law 78-17 of January 6, 1978 (amended by Law 2004-801 of August 6, 2004 on the protection of individuals with regard to the processing of personal data) relating to IT, files and freedoms, the site has been declared to the National Commission for Informatics and Freedoms (<a href=\"http:\/\/www.cnil.fr\/\" target=\"_blank\" rel=\"noopener noreferrer\">www.cnil.fr<\/a> ).<\/p>\n<h3><span style=\"color: #000000;\"><strong>Confidentiality<\/strong><\/span><\/h3>\n<\/div>\n<div>\n<p>Your personal data is confidential and will under no circumstances be communicated to third parties except for the proper performance of the service.<\/p>\n<h3><strong><span style=\"color: #000000;\">Intellectual property<\/span><\/strong><\/h3>\n<p>All the content of this site, including, without limitation, graphics, images, texts, videos, animations, sounds, logos, gifs and icons as well as their formatting are the exclusive property of Lodudo produccion with the exception of brands, logos or content belonging to other partner companies or authors. Any reproduction, distribution, modification, adaptation, retransmission or publication, even partial, of these different elements is strictly prohibited without the express written consent of Lodudo produccion. This representation or reproduction, by any means whatsoever, constitutes an infringement punishable by articles L.3335-2 and following of the Code of intellectual property. Failure to comply with this prohibition constitutes an infringement which may engage the civil and criminal liability of the infringer. In addition, the owners of the copied Content could take legal action against you.<\/p>\n<ul>\n<li>Created on: 05\/11\/2018<\/li>\n<li>Author: Agence Blokk *<\/li>\n<li>Author&#8217;s e-mail: adm@blokk.fr<\/li>\n<\/ul>\n<h3><span style=\"color: #000000;\"><strong>Host<\/strong><\/span><\/h3>\n<p>OVH<br \/>\nManagement platform and website creation<br \/>\n<a href=\"http:\/\/www.ovh.com\/\" target=\"_blank\" rel=\"noopener noreferrer\">www.ovh.com<\/a><br \/>\n<a href=\"mailto:contact@ovh.com?subject=%7BSOCIETE.societe_nom%7D\">contact@ovh.com<\/a><\/p>\n<h3><span style=\"color: #000000;\"><strong>Terms of service<\/strong><\/span><\/h3>\n<p>This site is available in HTML5 and CSS3 languages, for better user comfort and more pleasant graphics, we recommend that you use modern browsers such as Safari, Firefox, Chrome, &#8230;<\/p>\n<\/div>\n<h3><strong><span style=\"color: #000000;\">Cookies<\/span><\/strong><\/h3>\n<p>For statistical and display purposes, this site uses cookies. These are small text files stored on your hard drive in order to record technical data on your navigation. Certain parts of this site cannot be functional without the acceptance of cookies.<\/p>\n<h3><span style=\"color: #000000;\"><strong>Contact us<\/strong><\/span><\/h3>\n<p>Marta Izquierdo Mu\u00f1oz is at your disposal for any comments or suggestions. You can write to us in French by email at: contact@martaizquierdomunoz.com<\/p>\n<\/article>\n<p>[\/vc_column_text][vc_empty_space height=&#8221;100&#8243;][\/vc_column_inner][\/vc_row_inner][\/vc_column][\/vc_row]<\/p>\n","protected":false},"excerpt":{"rendered":"<p>[vc_row][vc_column offset=&#8221;vc_hidden-md vc_hidden-sm vc_hidden-xs&#8221;][vc_empty_space height=&#8221;100&#8243;][\/vc_column][\/vc_row][vc_row equal_height=&#8221;yes&#8221; content_placement=&#8221;middle&#8221; parallax=&#8221;content-moving-fade&#8221; css_animation=&#8221;none&#8221; content_text_aligment=&#8221;center&#8221; hover_anim=&#8221;color&#8221; hover_anim_color=&#8221;#ffffff&#8221; hover_anim_color_pre_hover=&#8221;color_before&#8221; hover_anim_speed=&#8221;slow&#8221; hover_anim_link=&#8221;url:%23two|||&#8221; css=&#8221;.vc_custom_1541512803744{background-color: #ffffff !important;background-position: center;background-repeat: no-repeat !important;background-size: cover !important;}&#8221; title_color=&#8221;&#8221; title_border_color=&#8221;#dd3333&#8243; simple_background_color=&#8221;#0a0a0a&#8221; anchor=&#8221;home&#8221; el_id=&#8221;one&#8221;][vc_column offset=&#8221;vc_col-lg-12 vc_col-md-12&#8243; el_class=&#8221;scrollid&#8221;][vc_row_inner][vc_column_inner width=&#8221;2\/3&#8243; offset=&#8221;vc_col-lg-offset-2&#8243; css=&#8221;.vc_custom_1541512952162{padding-right: 35px !important;padding-left: 35px !important;}&#8221;][vc_empty_space height=&#8221;100&#8243;][vc_empty_space height=&#8221;50px&#8221;][vc_column_text [&hellip;]<\/p>\n","protected":false},"author":1,"featured_media":0,"parent":0,"menu_order":0,"comment_status":"closed","ping_status":"closed","template":"full-width.php","meta":[],"_links":{"self":[{"href":"https:\/\/martaizquierdomunoz.com\/en\/wp-json\/wp\/v2\/pages\/8512"}],"collection":[{"href":"https:\/\/martaizquierdomunoz.com\/en\/wp-json\/wp\/v2\/pages"}],"about":[{"href":"https:\/\/martaizquierdomunoz.com\/en\/wp-json\/wp\/v2\/types\/page"}],"author":[{"embeddable":true,"href":"https:\/\/martaizquierdomunoz.com\/en\/wp-json\/wp\/v2\/users\/1"}],"replies":[{"embeddable":true,"href":"https:\/\/martaizquierdomunoz.com\/en\/wp-json\/wp\/v2\/comments?post=8512"}],"version-history":[{"count":5,"href":"https:\/\/martaizquierdomunoz.com\/en\/wp-json\/wp\/v2\/pages\/8512\/revisions"}],"predecessor-version":[{"id":8517,"href":"https:\/\/martaizquierdomunoz.com\/en\/wp-json\/wp\/v2\/pages\/8512\/revisions\/8517"}],"wp:attachment":[{"href":"https:\/\/martaizquierdomunoz.com\/en\/wp-json\/wp\/v2\/media?parent=8512"}],"curies":[{"name":"wp","href":"https:\/\/api.w.org\/{rel}","templated":true}]}}