{"id":8463,"date":"2021-03-06T19:25:17","date_gmt":"2021-03-06T19:25:17","guid":{"rendered":"http:\/\/martaizquierdomunoz.com\/collaborators\/youness-anzane\/"},"modified":"2021-03-06T19:25:21","modified_gmt":"2021-03-06T19:25:21","slug":"youness-anzane","status":"publish","type":"page","link":"https:\/\/martaizquierdomunoz.com\/en\/collaborators\/youness-anzane\/","title":{"rendered":"Youness Anzane"},"content":{"rendered":"<p>[vc_row row_content_width=&#8221;grid&#8221; show_row_title=&#8221;no&#8221; title_color=&#8221;&#8221; title_border_color=&#8221;&#8221;][vc_column offset=&#8221;vc_hidden-md vc_hidden-sm vc_hidden-xs&#8221;][vc_empty_space height=&#8221;200&#8243;][\/vc_column][\/vc_row][vc_section][vc_row][vc_column width=&#8221;1\/2&#8243;]<div class=\"eltdf-single-image-holder   \">\n    <div class=\"eltdf-si-inner\" >\n                                    <img width=\"500\" height=\"703\" src=\"https:\/\/martaizquierdomunoz.com\/wp-content\/uploads\/2018\/11\/collarb6.jpg\" class=\"attachment-full size-full\" alt=\"\" loading=\"lazy\" srcset=\"https:\/\/martaizquierdomunoz.com\/wp-content\/uploads\/2018\/11\/collarb6.jpg 500w, https:\/\/martaizquierdomunoz.com\/wp-content\/uploads\/2018\/11\/collarb6-213x300.jpg 213w\" sizes=\"(max-width: 500px) 100vw, 500px\" \/>                        <\/div>\n<\/div>[\/vc_column][vc_column width=&#8221;1\/2&#8243;][vc_column_text]<\/p>\n<h2 style=\"color: black;\">Youness Anzane<\/h2>\n<p>[\/vc_column_text][vc_empty_space height=&#8221;30&#8243;][vc_column_text]Youness Anzane was born in 1971 in Casablanca. He is a playwright and artistic advisor for theater, opera and dance, working with directors Jean Jourdheuil, Thomas Ferrand, Victor Gauthier-Martin, David Gauchard, Yves-No\u00ebl Genod, St\u00e9phane Ghislain Roussel, Sophie Langevin, Laurie Bellanca, Gurshad Shaheman. He collaborates with the choreographers Christophe Haleb, Jonah Bokaer, Tabea Martin, Lionel Hoche, Julia Cima, Maud Le Pladec, Thierry Micouin,<br \/>\nMarta Izquierdo, Malika Djardi, David Wampach, Meryem Jazouli, Arkadi Zaides, Olivier Muller.<\/p>\n<p>The shows are presented in Paris &#8211; Festival d&#8217;Automne, Th\u00e9\u00e2tre de la Bastille, Th\u00e9\u00e2tre de la Ville, Th\u00e9\u00e2tre National de la Colline, Bouffes du Nord, Rencontres Chor\u00e9graphiques Internationales de Seine-Saint-Denis, Center National de la Danse, in the part of New Settings at the Th\u00e9\u00e2tre de la Cit\u00e9 Internationale &#8211; as well as in the region: Actoral Festival in Marseille, National Theater of Strasbourg, National Popular Theater of Villeurbanne, National Theater of Brittany, Montpellier Danse Festival, Les Subsistances in Lyon, Uz\u00e8s Danse Festival , Festival d&#8217;Avignon\u2026 He also worked for productions in New York,<br \/>\nHouston, Gen\u00e8ve, Lausanne, B\u00e2le, Luxembourg, Bruxelles, Anvers, Lisbonne, Casablanca, Marrakech, Berlin, Dresde, Vienne\u2026<\/p>\n<p>He is a playwright associated with the Festival d&#8217;Aix-en-Provence for its 2012 edition, then a member of the program writing team for the 2014 edition. He is the author of the libretto for the opera Wonderful Deluxe, music by French composer Brice Pauset, for the Grand Th\u00e9\u00e2tre de Luxembourg, as well as the libretto Crumbling Land, opera<br \/>\ncomposed by the collective Puce Moment (production of the Lille Opera).<\/p>\n<p>In 2017, in Luxembourg, he designed and directed La Voce \u00e8 mobile, a musical theater piece created at the Kinneksbond in Mamer, and directed Mozart&#8217;s Cosi fan tutte as part of the Acad\u00e9mie Lyrique de l&#8217;Abbaye de Neimenster . He participated in the writing of the play Death is a disease from which our children will be cured, commissioned by the Quai des savoirs in Toulouse and the cie microsyst\u00e8me \/ Th\u00e9\u00e2tre Sorano.[\/vc_column_text][\/vc_column][\/vc_row][vc_row][vc_column][vc_empty_space][\/vc_column][\/vc_row][\/vc_section]<\/p>\n","protected":false},"excerpt":{"rendered":"<p>[vc_row row_content_width=&#8221;grid&#8221; show_row_title=&#8221;no&#8221; title_color=&#8221;&#8221; title_border_color=&#8221;&#8221;][vc_column offset=&#8221;vc_hidden-md vc_hidden-sm vc_hidden-xs&#8221;][vc_empty_space height=&#8221;200&#8243;][\/vc_column][\/vc_row][vc_section][vc_row][vc_column width=&#8221;1\/2&#8243;][\/vc_column][vc_column width=&#8221;1\/2&#8243;][vc_column_text] Youness Anzane [\/vc_column_text][vc_empty_space height=&#8221;30&#8243;][vc_column_text]Youness Anzane was born in 1971 in Casablanca. He is a playwright and artistic advisor for theater, opera and dance, working with directors Jean Jourdheuil, Thomas [&hellip;]<\/p>\n","protected":false},"author":1,"featured_media":0,"parent":8360,"menu_order":0,"comment_status":"closed","ping_status":"closed","template":"","meta":[],"_links":{"self":[{"href":"https:\/\/martaizquierdomunoz.com\/en\/wp-json\/wp\/v2\/pages\/8463"}],"collection":[{"href":"https:\/\/martaizquierdomunoz.com\/en\/wp-json\/wp\/v2\/pages"}],"about":[{"href":"https:\/\/martaizquierdomunoz.com\/en\/wp-json\/wp\/v2\/types\/page"}],"author":[{"embeddable":true,"href":"https:\/\/martaizquierdomunoz.com\/en\/wp-json\/wp\/v2\/users\/1"}],"replies":[{"embeddable":true,"href":"https:\/\/martaizquierdomunoz.com\/en\/wp-json\/wp\/v2\/comments?post=8463"}],"version-history":[{"count":8,"href":"https:\/\/martaizquierdomunoz.com\/en\/wp-json\/wp\/v2\/pages\/8463\/revisions"}],"predecessor-version":[{"id":8471,"href":"https:\/\/martaizquierdomunoz.com\/en\/wp-json\/wp\/v2\/pages\/8463\/revisions\/8471"}],"up":[{"embeddable":true,"href":"https:\/\/martaizquierdomunoz.com\/en\/wp-json\/wp\/v2\/pages\/8360"}],"wp:attachment":[{"href":"https:\/\/martaizquierdomunoz.com\/en\/wp-json\/wp\/v2\/media?parent=8463"}],"curies":[{"name":"wp","href":"https:\/\/api.w.org\/{rel}","templated":true}]}}