{"id":8481,"date":"2021-03-06T19:28:26","date_gmt":"2021-03-06T19:28:26","guid":{"rendered":"http:\/\/martaizquierdomunoz.com\/colaboradores\/adeline-fontaine\/"},"modified":"2021-03-06T19:28:27","modified_gmt":"2021-03-06T19:28:27","slug":"adeline-fontaine","status":"publish","type":"page","link":"http:\/\/martaizquierdomunoz.com\/es\/colaboradores\/adeline-fontaine\/","title":{"rendered":"Adeline Fontaine"},"content":{"rendered":"<p>[vc_row row_content_width=\u00bbgrid\u00bb show_row_title=\u00bbno\u00bb title_color=\u00bb\u00bb title_border_color=\u00bb\u00bb][vc_column offset=\u00bbvc_hidden-md vc_hidden-sm vc_hidden-xs\u00bb][vc_empty_space height=\u00bb200&#8243;][\/vc_column][\/vc_row][vc_section][vc_row][vc_column width=\u00bb1\/2&#8243;]<div class=\"eltdf-single-image-holder   \">\n    <div class=\"eltdf-si-inner\" >\n                                    <img width=\"500\" height=\"703\" src=\"http:\/\/martaizquierdomunoz.com\/wp-content\/uploads\/2018\/11\/collab1.jpg\" class=\"attachment-full size-full\" alt=\"\" loading=\"lazy\" srcset=\"http:\/\/martaizquierdomunoz.com\/wp-content\/uploads\/2018\/11\/collab1.jpg 500w, http:\/\/martaizquierdomunoz.com\/wp-content\/uploads\/2018\/11\/collab1-213x300.jpg 213w\" sizes=\"(max-width: 500px) 100vw, 500px\" \/>                        <\/div>\n<\/div>[\/vc_column][vc_column width=\u00bb1\/2&#8243;][vc_column_text]<\/p>\n<h2 style=\"color: black;\">Adeline Fontaine<\/h2>\n<p>[\/vc_column_text][vc_empty_space height=\u00bb30&#8243;][vc_column_text]Adeline Fontaine naci\u00f3 en Sarthe en una familia de agricultores. Gracias a un anuncio en el buz\u00f3n, se inscribi\u00f3 en una clase de ballet y permaneci\u00f3 all\u00ed desde los 8 hasta los 18 a\u00f1os. Al mismo tiempo, practic\u00f3 el viol\u00edn durante 6 a\u00f1os.<\/p>\n<p>A los 18 a\u00f1os, comenz\u00f3 a estudiar filosof\u00eda en La Sorbonne y luego, 3 a\u00f1os despu\u00e9s, despu\u00e9s de completar su licenciatura, se alej\u00f3 para formarse en danza contempor\u00e1nea en los Rencontres Internationales de Danse Contemporaine (R.I.D.C.) en Par\u00eds.<\/p>\n<p>Continu\u00f3 su formaci\u00f3n en Toulouse integrando Extensions (2014-2016) en el Centro Nacional de Desarrollo Coreogr\u00e1fico donde trabaj\u00f3 con Jeanne Candel, Lionel Gonzales y Daniel Linehan para las creaciones.<\/p>\n<p>All\u00ed conoci\u00f3 a Marta Izquierdo Mu\u00f1oz a quien se uni\u00f3 para la creaci\u00f3n Imago go en 2018. Adeline tambi\u00e9n trabaj\u00f3 durante tres a\u00f1os para la compa\u00f1\u00eda de teatro Merversible. Desde 2016 desarrolla investigaciones sobre la frontera entre teatro y danza. Experiment\u00f3 con \u00e9l creando una actuaci\u00f3n de Chair Ch\u00e8re, interpretando cortometrajes, en particular para Alice Gauthier y Daphn\u00e9 Achermann, y participando en el laboratorio de investigaci\u00f3n \u00c9pris d&#8217;Incertitude iniciado por el grupo MERCI en Toulouse.[\/vc_column_text][\/vc_column][\/vc_row][vc_row][vc_column][vc_empty_space][\/vc_column][\/vc_row][\/vc_section]<\/p>\n","protected":false},"excerpt":{"rendered":"<p>[vc_row row_content_width=\u00bbgrid\u00bb show_row_title=\u00bbno\u00bb title_color=\u00bb\u00bb title_border_color=\u00bb\u00bb][vc_column offset=\u00bbvc_hidden-md vc_hidden-sm vc_hidden-xs\u00bb][vc_empty_space height=\u00bb200&#8243;][\/vc_column][\/vc_row][vc_section][vc_row][vc_column width=\u00bb1\/2&#8243;][\/vc_column][vc_column width=\u00bb1\/2&#8243;][vc_column_text] Adeline Fontaine [\/vc_column_text][vc_empty_space height=\u00bb30&#8243;][vc_column_text]Adeline Fontaine naci\u00f3 en Sarthe en una familia de agricultores. Gracias a un anuncio en el buz\u00f3n, se inscribi\u00f3 en una clase de ballet y permaneci\u00f3 [&hellip;]<\/p>\n","protected":false},"author":1,"featured_media":0,"parent":8354,"menu_order":0,"comment_status":"closed","ping_status":"closed","template":"","meta":[],"_links":{"self":[{"href":"http:\/\/martaizquierdomunoz.com\/es\/wp-json\/wp\/v2\/pages\/8481"}],"collection":[{"href":"http:\/\/martaizquierdomunoz.com\/es\/wp-json\/wp\/v2\/pages"}],"about":[{"href":"http:\/\/martaizquierdomunoz.com\/es\/wp-json\/wp\/v2\/types\/page"}],"author":[{"embeddable":true,"href":"http:\/\/martaizquierdomunoz.com\/es\/wp-json\/wp\/v2\/users\/1"}],"replies":[{"embeddable":true,"href":"http:\/\/martaizquierdomunoz.com\/es\/wp-json\/wp\/v2\/comments?post=8481"}],"version-history":[{"count":5,"href":"http:\/\/martaizquierdomunoz.com\/es\/wp-json\/wp\/v2\/pages\/8481\/revisions"}],"predecessor-version":[{"id":8486,"href":"http:\/\/martaizquierdomunoz.com\/es\/wp-json\/wp\/v2\/pages\/8481\/revisions\/8486"}],"up":[{"embeddable":true,"href":"http:\/\/martaizquierdomunoz.com\/es\/wp-json\/wp\/v2\/pages\/8354"}],"wp:attachment":[{"href":"http:\/\/martaizquierdomunoz.com\/es\/wp-json\/wp\/v2\/media?parent=8481"}],"curies":[{"name":"wp","href":"https:\/\/api.w.org\/{rel}","templated":true}]}}