{"id":8452,"date":"2021-03-06T19:22:53","date_gmt":"2021-03-06T19:22:53","guid":{"rendered":"http:\/\/martaizquierdomunoz.com\/colaboradores\/fabien-gautier\/"},"modified":"2021-03-06T19:22:57","modified_gmt":"2021-03-06T19:22:57","slug":"fabien-gautier","status":"publish","type":"page","link":"http:\/\/martaizquierdomunoz.com\/es\/colaboradores\/fabien-gautier\/","title":{"rendered":"Fabien Gautier"},"content":{"rendered":"<p>[vc_row row_content_width=\u00bbgrid\u00bb show_row_title=\u00bbno\u00bb title_color=\u00bb\u00bb title_border_color=\u00bb\u00bb][vc_column offset=\u00bbvc_hidden-md vc_hidden-sm vc_hidden-xs\u00bb][vc_empty_space height=\u00bb200&#8243;][\/vc_column][\/vc_row][vc_section][vc_row][vc_column width=\u00bb1\/2&#8243;]<div class=\"eltdf-single-image-holder   \">\n    <div class=\"eltdf-si-inner\" >\n                                    <img width=\"500\" height=\"703\" src=\"http:\/\/martaizquierdomunoz.com\/wp-content\/uploads\/2018\/11\/collarb5.jpg\" class=\"attachment-full size-full\" alt=\"\" loading=\"lazy\" srcset=\"http:\/\/martaizquierdomunoz.com\/wp-content\/uploads\/2018\/11\/collarb5.jpg 500w, http:\/\/martaizquierdomunoz.com\/wp-content\/uploads\/2018\/11\/collarb5-213x300.jpg 213w\" sizes=\"(max-width: 500px) 100vw, 500px\" \/>                        <\/div>\n<\/div>[\/vc_column][vc_column width=\u00bb1\/2&#8243;][vc_column_text]<\/p>\n<h2 style=\"color: black;\">Fabien Gautier<\/h2>\n<p>[\/vc_column_text][vc_empty_space height=\u00bb30&#8243;][vc_column_text]Nacido en Nantes en 1991. Despu\u00e9s de un BAC en Artes Aplicadas, se dedic\u00f3 a la danza y al teatro. Luego viene el inter\u00e9s por el cuerpo en todas sus posibilidades expresivas. Se licenci\u00f3 en Teatro de Artes Esc\u00e9nicas en Montpellier y se form\u00f3 en danza contempor\u00e1nea en el Conservatoire \u00e0 Rayonnement R\u00e9gional de Montpellier.<\/p>\n<p>De 2014 a 2016, sigui\u00f3 el curso de Extensiones en el Centro de Desarrollo Coreogr\u00e1fico de Toulouse, con, entre otros, Daniel Linehan, Jeanne Candel, Guy Cools y Brigitte Asselineau. Actualmente es performer, con piezas de Anne Lef\u00e8vre, Jean-Marc Matos, Am\u00e9lie Poirier, Marta Izquierdo, y colabora con Elsa Decaudin como asistente coreogr\u00e1fico.<\/p>\n<p>Al mismo tiempo, trabaja como dise\u00f1ador gr\u00e1fico para diversas empresas.[\/vc_column_text][\/vc_column][\/vc_row][vc_row][vc_column][vc_empty_space][\/vc_column][\/vc_row][\/vc_section]<\/p>\n","protected":false},"excerpt":{"rendered":"<p>[vc_row row_content_width=\u00bbgrid\u00bb show_row_title=\u00bbno\u00bb title_color=\u00bb\u00bb title_border_color=\u00bb\u00bb][vc_column offset=\u00bbvc_hidden-md vc_hidden-sm vc_hidden-xs\u00bb][vc_empty_space height=\u00bb200&#8243;][\/vc_column][\/vc_row][vc_section][vc_row][vc_column width=\u00bb1\/2&#8243;][\/vc_column][vc_column width=\u00bb1\/2&#8243;][vc_column_text] Fabien Gautier [\/vc_column_text][vc_empty_space height=\u00bb30&#8243;][vc_column_text]Nacido en Nantes en 1991. Despu\u00e9s de un BAC en Artes Aplicadas, se dedic\u00f3 a la danza y al teatro. Luego viene el inter\u00e9s por el [&hellip;]<\/p>\n","protected":false},"author":1,"featured_media":0,"parent":8354,"menu_order":0,"comment_status":"closed","ping_status":"closed","template":"","meta":[],"_links":{"self":[{"href":"http:\/\/martaizquierdomunoz.com\/es\/wp-json\/wp\/v2\/pages\/8452"}],"collection":[{"href":"http:\/\/martaizquierdomunoz.com\/es\/wp-json\/wp\/v2\/pages"}],"about":[{"href":"http:\/\/martaizquierdomunoz.com\/es\/wp-json\/wp\/v2\/types\/page"}],"author":[{"embeddable":true,"href":"http:\/\/martaizquierdomunoz.com\/es\/wp-json\/wp\/v2\/users\/1"}],"replies":[{"embeddable":true,"href":"http:\/\/martaizquierdomunoz.com\/es\/wp-json\/wp\/v2\/comments?post=8452"}],"version-history":[{"count":10,"href":"http:\/\/martaizquierdomunoz.com\/es\/wp-json\/wp\/v2\/pages\/8452\/revisions"}],"predecessor-version":[{"id":8462,"href":"http:\/\/martaizquierdomunoz.com\/es\/wp-json\/wp\/v2\/pages\/8452\/revisions\/8462"}],"up":[{"embeddable":true,"href":"http:\/\/martaizquierdomunoz.com\/es\/wp-json\/wp\/v2\/pages\/8354"}],"wp:attachment":[{"href":"http:\/\/martaizquierdomunoz.com\/es\/wp-json\/wp\/v2\/media?parent=8452"}],"curies":[{"name":"wp","href":"https:\/\/api.w.org\/{rel}","templated":true}]}}