{"id":8439,"date":"2021-03-06T19:20:47","date_gmt":"2021-03-06T19:20:47","guid":{"rendered":"http:\/\/martaizquierdomunoz.com\/colaboradores\/eric-martin\/"},"modified":"2021-03-06T19:20:48","modified_gmt":"2021-03-06T19:20:48","slug":"eric-martin","status":"publish","type":"page","link":"http:\/\/martaizquierdomunoz.com\/es\/colaboradores\/eric-martin\/","title":{"rendered":"Eric Martin"},"content":{"rendered":"<p>[vc_row row_content_width=\u00bbgrid\u00bb show_row_title=\u00bbno\u00bb title_color=\u00bb\u00bb title_border_color=\u00bb\u00bb][vc_column offset=\u00bbvc_hidden-md vc_hidden-sm vc_hidden-xs\u00bb][vc_empty_space height=\u00bb200&#8243;][\/vc_column][\/vc_row][vc_section][vc_row][vc_column width=\u00bb1\/2&#8243;]<div class=\"eltdf-single-image-holder   \">\n    <div class=\"eltdf-si-inner\" >\n                                    <img width=\"500\" height=\"703\" src=\"http:\/\/martaizquierdomunoz.com\/wp-content\/uploads\/2018\/11\/collab4.jpg\" class=\"attachment-full size-full\" alt=\"\" loading=\"lazy\" srcset=\"http:\/\/martaizquierdomunoz.com\/wp-content\/uploads\/2018\/11\/collab4.jpg 500w, http:\/\/martaizquierdomunoz.com\/wp-content\/uploads\/2018\/11\/collab4-213x300.jpg 213w\" sizes=\"(max-width: 500px) 100vw, 500px\" \/>                        <\/div>\n<\/div>[\/vc_column][vc_column width=\u00bb1\/2&#8243;][vc_column_text]<\/p>\n<h2 style=\"color: black;\">Eric Martin<\/h2>\n<p>[\/vc_column_text][vc_empty_space height=\u00bb30&#8243;][vc_column_text]Eric Martin, nacido en 1965, comenz\u00f3 a bailar a los diecinueve a\u00f1os despu\u00e9s de m\u00e1s de diez de patinaje art\u00edstico. Primero conoci\u00f3 el jazz moderno con Rheda Bentefour y Bruno Agati, luego Philippe Decoufl\u00e9 lo contrat\u00f3 para \u201cTriton\u201d (1990) y luego sigui\u00f3 una colaboraci\u00f3n de once a\u00f1os durante la cual particip\u00f3 en varias obras: \u201cPetites Pi\u00e8ces mont\u00e9es\u201d (1993), \u00bb D\u00e9codex \u00ab(1995),\u00bb Shazam \u00ab(1998) y la noche inaugural de los Juegos Ol\u00edmpicos de Invierno de 1992. En marzo de 2000, particip\u00f3 en la recreaci\u00f3n de\u00bb Meubl\u00e9 sommalement \u00abde Dominique Bagouet con los cuadernos de Bagouet.<\/p>\n<p>En 2001, con Vincent Dupont, bail\u00f3 en \u201cJach\u00e8res improvisation\u201d y particip\u00f3 en la creaci\u00f3n de [[dikromatik]] en 2003. Luego trabaj\u00f3 con Christian Rizzo: \u201cO el pozo era profundo, o ca\u00edan lentamente porque ten\u00edan tiempo de mirar all around \u201d(2005) y Mathilde Monnier:\u201c 2008 Vall\u00e9e \u201d(2007),\u201c Tempo 76 \u201d(2008).<\/p>\n<p>Fue en 2008 que Eric Martin se vio obligado a suspender su carrera debido a graves lesiones en la regi\u00f3n lumbar, luego se form\u00f3 como dise\u00f1ador de vestuario con GRETA for Applied Arts y posteriormente dise\u00f1\u00f3 y produjo el vestuario para el espect\u00e1culo. Entre otras cosas, asiste al dise\u00f1ador de vestuario Philippe Guillotel en \u201cIris\u201d, una creaci\u00f3n del Cirque du Soleil de Los \u00c1ngeles, dirigida por Philippe Decoufl\u00e9. En 2010, Yuval Picq le pidi\u00f3 que dise\u00f1ara el vestuario para la obra de teatro \u201cEl \u00e9l\u201d creada en el CNSMD de Par\u00eds.<\/p>\n<p>A partir de 2011 se acerca al campo coreogr\u00e1fico reintegrando la Cie DCA de Philippe Decoufl\u00e9 como asistente y ensayo de las piezas \u00abOctopus\u00bb 2010 y Panorama \u00ab2012. Fue en septiembre de 2014 cuando volvi\u00f3 a asumir el papel de bailar\u00edn, formando parte del equipo de la pieza \u00abContact\u00bb de Philippe Decoufl\u00e9.<\/p>\n<p>En diciembre de 2016, trabaj\u00f3 junto al director Philippe Decoufl\u00e9 como director art\u00edstico para la adaptaci\u00f3n musical de la obra de Umezo Kazuo \u00abwatashi wa Shingo\u00bb, creada en KAAT en Yokohama y producida por Hori pro.[\/vc_column_text][\/vc_column][\/vc_row][vc_row][vc_column][vc_empty_space][\/vc_column][\/vc_row][\/vc_section]<\/p>\n","protected":false},"excerpt":{"rendered":"<p>[vc_row row_content_width=\u00bbgrid\u00bb show_row_title=\u00bbno\u00bb title_color=\u00bb\u00bb title_border_color=\u00bb\u00bb][vc_column offset=\u00bbvc_hidden-md vc_hidden-sm vc_hidden-xs\u00bb][vc_empty_space height=\u00bb200&#8243;][\/vc_column][\/vc_row][vc_section][vc_row][vc_column width=\u00bb1\/2&#8243;][\/vc_column][vc_column width=\u00bb1\/2&#8243;][vc_column_text] Eric Martin [\/vc_column_text][vc_empty_space height=\u00bb30&#8243;][vc_column_text]Eric Martin, nacido en 1965, comenz\u00f3 a bailar a los diecinueve a\u00f1os despu\u00e9s de m\u00e1s de diez de patinaje art\u00edstico. Primero conoci\u00f3 el jazz moderno con [&hellip;]<\/p>\n","protected":false},"author":1,"featured_media":0,"parent":8354,"menu_order":0,"comment_status":"closed","ping_status":"closed","template":"","meta":[],"_links":{"self":[{"href":"http:\/\/martaizquierdomunoz.com\/es\/wp-json\/wp\/v2\/pages\/8439"}],"collection":[{"href":"http:\/\/martaizquierdomunoz.com\/es\/wp-json\/wp\/v2\/pages"}],"about":[{"href":"http:\/\/martaizquierdomunoz.com\/es\/wp-json\/wp\/v2\/types\/page"}],"author":[{"embeddable":true,"href":"http:\/\/martaizquierdomunoz.com\/es\/wp-json\/wp\/v2\/users\/1"}],"replies":[{"embeddable":true,"href":"http:\/\/martaizquierdomunoz.com\/es\/wp-json\/wp\/v2\/comments?post=8439"}],"version-history":[{"count":3,"href":"http:\/\/martaizquierdomunoz.com\/es\/wp-json\/wp\/v2\/pages\/8439\/revisions"}],"predecessor-version":[{"id":8442,"href":"http:\/\/martaizquierdomunoz.com\/es\/wp-json\/wp\/v2\/pages\/8439\/revisions\/8442"}],"up":[{"embeddable":true,"href":"http:\/\/martaizquierdomunoz.com\/es\/wp-json\/wp\/v2\/pages\/8354"}],"wp:attachment":[{"href":"http:\/\/martaizquierdomunoz.com\/es\/wp-json\/wp\/v2\/media?parent=8439"}],"curies":[{"name":"wp","href":"https:\/\/api.w.org\/{rel}","templated":true}]}}