{"id":8427,"date":"2021-03-06T19:14:57","date_gmt":"2021-03-06T19:14:57","guid":{"rendered":"http:\/\/martaizquierdomunoz.com\/colaboradores\/benoist-bouvot\/"},"modified":"2021-03-06T19:14:58","modified_gmt":"2021-03-06T19:14:58","slug":"benoist-bouvot","status":"publish","type":"page","link":"http:\/\/martaizquierdomunoz.com\/es\/colaboradores\/benoist-bouvot\/","title":{"rendered":"Benoist Bouvot"},"content":{"rendered":"<p>[vc_row row_content_width=\u00bbgrid\u00bb show_row_title=\u00bbno\u00bb title_color=\u00bb\u00bb title_border_color=\u00bb\u00bb][vc_column offset=\u00bbvc_hidden-md vc_hidden-sm vc_hidden-xs\u00bb][vc_empty_space height=\u00bb200&#8243;][\/vc_column][\/vc_row][vc_section][vc_row][vc_column width=\u00bb1\/2&#8243;]<div class=\"eltdf-single-image-holder   \">\n    <div class=\"eltdf-si-inner\" >\n                                    <img width=\"500\" height=\"703\" src=\"http:\/\/martaizquierdomunoz.com\/wp-content\/uploads\/2018\/11\/collab3.jpg\" class=\"attachment-full size-full\" alt=\"\" loading=\"lazy\" srcset=\"http:\/\/martaizquierdomunoz.com\/wp-content\/uploads\/2018\/11\/collab3.jpg 500w, http:\/\/martaizquierdomunoz.com\/wp-content\/uploads\/2018\/11\/collab3-213x300.jpg 213w\" sizes=\"(max-width: 500px) 100vw, 500px\" \/>                        <\/div>\n<\/div>[\/vc_column][vc_column width=\u00bb1\/2&#8243;][vc_column_text]<\/p>\n<h2 style=\"color: black;\">Benoist Bouvot<\/h2>\n<p>[\/vc_column_text][vc_empty_space height=\u00bb30&#8243;][vc_column_text]Comenz\u00f3 abandonando el viol\u00edn a temprana edad. Despu\u00e9s de un ligero tanteo, se vuelve hacia la guitarra. Instrumentista junto a muchos improvisadores y<br \/>\nm\u00fasicos de la llamada m\u00fasica contempor\u00e1nea o rock, conoce a Didier Aschour, Kristof K Roll, Rys Chattam\u2026 Tambi\u00e9n conoce la composici\u00f3n a trav\u00e9s de varios grupos con los que publica algunos discos (\u201cLes anmis meurent aussi\u201d, \u201cFonetik\u201d, \u201cProsodie \u201d).<\/p>\n<p>En 2005 comienza a escribir m\u00fasica esc\u00e9nica para el teatro al conocer a Alain B\u00e9har y el documental con Virgile Loyer y Damien Mac Donald o danza, y trabaja en particular con Eric Ouzelot, Viviane De Muynck, Catherine Boskowitz, Denis Lavant, Dieudonn\u00e9 Niagouna, Julia Cima, Marta Izquierdo Munoz, Alexandre Roccoli y Christophe Haleb &#8230;<\/p>\n<p>Ahora divide su tiempo entre escribir para el escenario y colaboraciones musicales en muchos estilos.[\/vc_column_text][\/vc_column][\/vc_row][vc_row][vc_column][vc_empty_space][\/vc_column][\/vc_row][\/vc_section]<\/p>\n","protected":false},"excerpt":{"rendered":"<p>[vc_row row_content_width=\u00bbgrid\u00bb show_row_title=\u00bbno\u00bb title_color=\u00bb\u00bb title_border_color=\u00bb\u00bb][vc_column offset=\u00bbvc_hidden-md vc_hidden-sm vc_hidden-xs\u00bb][vc_empty_space height=\u00bb200&#8243;][\/vc_column][\/vc_row][vc_section][vc_row][vc_column width=\u00bb1\/2&#8243;][\/vc_column][vc_column width=\u00bb1\/2&#8243;][vc_column_text] Benoist Bouvot [\/vc_column_text][vc_empty_space height=\u00bb30&#8243;][vc_column_text]Comenz\u00f3 abandonando el viol\u00edn a temprana edad. Despu\u00e9s de un ligero tanteo, se vuelve hacia la guitarra. Instrumentista junto a muchos improvisadores y m\u00fasicos de la [&hellip;]<\/p>\n","protected":false},"author":1,"featured_media":0,"parent":8354,"menu_order":0,"comment_status":"closed","ping_status":"closed","template":"","meta":[],"_links":{"self":[{"href":"http:\/\/martaizquierdomunoz.com\/es\/wp-json\/wp\/v2\/pages\/8427"}],"collection":[{"href":"http:\/\/martaizquierdomunoz.com\/es\/wp-json\/wp\/v2\/pages"}],"about":[{"href":"http:\/\/martaizquierdomunoz.com\/es\/wp-json\/wp\/v2\/types\/page"}],"author":[{"embeddable":true,"href":"http:\/\/martaizquierdomunoz.com\/es\/wp-json\/wp\/v2\/users\/1"}],"replies":[{"embeddable":true,"href":"http:\/\/martaizquierdomunoz.com\/es\/wp-json\/wp\/v2\/comments?post=8427"}],"version-history":[{"count":5,"href":"http:\/\/martaizquierdomunoz.com\/es\/wp-json\/wp\/v2\/pages\/8427\/revisions"}],"predecessor-version":[{"id":8432,"href":"http:\/\/martaizquierdomunoz.com\/es\/wp-json\/wp\/v2\/pages\/8427\/revisions\/8432"}],"up":[{"embeddable":true,"href":"http:\/\/martaizquierdomunoz.com\/es\/wp-json\/wp\/v2\/pages\/8354"}],"wp:attachment":[{"href":"http:\/\/martaizquierdomunoz.com\/es\/wp-json\/wp\/v2\/media?parent=8427"}],"curies":[{"name":"wp","href":"https:\/\/api.w.org\/{rel}","templated":true}]}}