{"id":8411,"date":"2021-03-06T19:12:03","date_gmt":"2021-03-06T19:12:03","guid":{"rendered":"http:\/\/martaizquierdomunoz.com\/colaboradores\/angele-micaux\/"},"modified":"2021-03-06T19:12:06","modified_gmt":"2021-03-06T19:12:06","slug":"angele-micaux","status":"publish","type":"page","link":"http:\/\/martaizquierdomunoz.com\/es\/colaboradores\/angele-micaux\/","title":{"rendered":"Ang\u00e8le Micaux"},"content":{"rendered":"<p>[vc_row row_content_width=\u00bbgrid\u00bb show_row_title=\u00bbno\u00bb title_color=\u00bb\u00bb title_border_color=\u00bb\u00bb][vc_column offset=\u00bbvc_hidden-md vc_hidden-sm vc_hidden-xs\u00bb][vc_empty_space height=\u00bb200&#8243;][\/vc_column][\/vc_row][vc_section][vc_row][vc_column width=\u00bb1\/2&#8243;]<div class=\"eltdf-single-image-holder   \">\n    <div class=\"eltdf-si-inner\" >\n                                    <img width=\"500\" height=\"703\" src=\"http:\/\/martaizquierdomunoz.com\/wp-content\/uploads\/2018\/11\/angelege-micaux.png\" class=\"attachment-full size-full\" alt=\"\" loading=\"lazy\" srcset=\"http:\/\/martaizquierdomunoz.com\/wp-content\/uploads\/2018\/11\/angelege-micaux.png 500w, http:\/\/martaizquierdomunoz.com\/wp-content\/uploads\/2018\/11\/angelege-micaux-213x300.png 213w\" sizes=\"(max-width: 500px) 100vw, 500px\" \/>                        <\/div>\n<\/div>[\/vc_column][vc_column width=\u00bb1\/2&#8243;][vc_column_text]<\/p>\n<h2 style=\"color: black;\">Ang\u00e8le Micaux<\/h2>\n<p>[\/vc_column_text][vc_empty_space height=\u00bb30&#8243;][vc_column_text]Licenciada en artes visuales, Ang\u00e8le Micales sigui\u00f3 un curso de danza contempor\u00e1nea. Trabaj\u00f3 para Julie Bougard, Thomas Lebrun, David Wampach, Emilie Rousset, Jonathan Capdevielle, Gerard &amp; Kelly &#8230;<\/p>\n<p>Desde 2010, ha colaborado con Marl\u00e8ne Saldana y Jonathan Drillet en todas las creaciones de UPSBD como int\u00e9rprete, \u00abmaestra de ballet\u00bb y dise\u00f1adora de vestuario.<\/p>\n<p>\u00a1Ella colabor\u00f3 \u200b\u200bcon Marta Izquierdo Munoz en BT&#8217;N&#8217;BT! una Carnecineria, LA PR\u00c1CTICA HACE PERFECTO (vestuario) e IMAGO-GO.<\/p>\n<p>Tambi\u00e9n artista de cabaret, crea sus propios n\u00fameros para Nuits Bas-Nylons (Bruselas) y la revista de cabaret Manko Paris al mismo tiempo que se form\u00f3 en dise\u00f1o de vestuario contempor\u00e1neo y de \u00e9poca y trabaj\u00f3 para teatro, danza, cine y televisi\u00f3n.[\/vc_column_text][\/vc_column][\/vc_row][vc_row][vc_column][vc_empty_space][\/vc_column][\/vc_row][\/vc_section]<\/p>\n","protected":false},"excerpt":{"rendered":"<p>[vc_row row_content_width=\u00bbgrid\u00bb show_row_title=\u00bbno\u00bb title_color=\u00bb\u00bb title_border_color=\u00bb\u00bb][vc_column offset=\u00bbvc_hidden-md vc_hidden-sm vc_hidden-xs\u00bb][vc_empty_space height=\u00bb200&#8243;][\/vc_column][\/vc_row][vc_section][vc_row][vc_column width=\u00bb1\/2&#8243;][\/vc_column][vc_column width=\u00bb1\/2&#8243;][vc_column_text] Ang\u00e8le Micaux [\/vc_column_text][vc_empty_space height=\u00bb30&#8243;][vc_column_text]Licenciada en artes visuales, Ang\u00e8le Micales sigui\u00f3 un curso de danza contempor\u00e1nea. Trabaj\u00f3 para Julie Bougard, Thomas Lebrun, David Wampach, Emilie Rousset, Jonathan Capdevielle, Gerard &amp; [&hellip;]<\/p>\n","protected":false},"author":1,"featured_media":0,"parent":8354,"menu_order":0,"comment_status":"closed","ping_status":"closed","template":"","meta":[],"_links":{"self":[{"href":"http:\/\/martaizquierdomunoz.com\/es\/wp-json\/wp\/v2\/pages\/8411"}],"collection":[{"href":"http:\/\/martaizquierdomunoz.com\/es\/wp-json\/wp\/v2\/pages"}],"about":[{"href":"http:\/\/martaizquierdomunoz.com\/es\/wp-json\/wp\/v2\/types\/page"}],"author":[{"embeddable":true,"href":"http:\/\/martaizquierdomunoz.com\/es\/wp-json\/wp\/v2\/users\/1"}],"replies":[{"embeddable":true,"href":"http:\/\/martaizquierdomunoz.com\/es\/wp-json\/wp\/v2\/comments?post=8411"}],"version-history":[{"count":5,"href":"http:\/\/martaizquierdomunoz.com\/es\/wp-json\/wp\/v2\/pages\/8411\/revisions"}],"predecessor-version":[{"id":8416,"href":"http:\/\/martaizquierdomunoz.com\/es\/wp-json\/wp\/v2\/pages\/8411\/revisions\/8416"}],"up":[{"embeddable":true,"href":"http:\/\/martaizquierdomunoz.com\/es\/wp-json\/wp\/v2\/pages\/8354"}],"wp:attachment":[{"href":"http:\/\/martaizquierdomunoz.com\/es\/wp-json\/wp\/v2\/media?parent=8411"}],"curies":[{"name":"wp","href":"https:\/\/api.w.org\/{rel}","templated":true}]}}