{"id":8354,"date":"2021-03-06T18:35:39","date_gmt":"2021-03-06T18:35:39","guid":{"rendered":"http:\/\/martaizquierdomunoz.com\/colaboradores\/"},"modified":"2021-03-06T18:35:51","modified_gmt":"2021-03-06T18:35:51","slug":"colaboradores","status":"publish","type":"page","link":"http:\/\/martaizquierdomunoz.com\/es\/colaboradores\/","title":{"rendered":"Colaboradores"},"content":{"rendered":"<p>[vc_row row_content_width=\u00bbgrid\u00bb show_row_title=\u00bbno\u00bb title_color=\u00bb\u00bb title_border_color=\u00bb\u00bb][vc_column offset=\u00bbvc_hidden-md vc_hidden-sm vc_hidden-xs\u00bb][vc_empty_space height=\u00bb200&#8243;][\/vc_column][\/vc_row][vc_section][vc_row][vc_column][vc_empty_space height=\u00bb35&#8243;][\/vc_column][\/vc_row][vc_row row_content_width=\u00bbgrid\u00bb show_row_title=\u00bbno\u00bb title_color=\u00bb\u00bb title_border_color=\u00bb\u00bb][vc_column width=\u00bb1\/4&#8243;]<div class=\"eltdf-single-image-holder   eltdf-image-behavior-custom-link\">\n    <div class=\"eltdf-si-inner\" >\n        \t            <a itemprop=\"url\" href=\"\/collaborateurs\/eric-martin\" target=\"_self\">\n                                    <img width=\"500\" height=\"703\" src=\"http:\/\/martaizquierdomunoz.com\/wp-content\/uploads\/2018\/11\/collab4.jpg\" class=\"attachment-full size-full\" alt=\"\" loading=\"lazy\" srcset=\"http:\/\/martaizquierdomunoz.com\/wp-content\/uploads\/2018\/11\/collab4.jpg 500w, http:\/\/martaizquierdomunoz.com\/wp-content\/uploads\/2018\/11\/collab4-213x300.jpg 213w\" sizes=\"(max-width: 500px) 100vw, 500px\" \/>                                <\/a>\n            <\/div>\n<\/div><h2 class=\"eltdf-custom-font-holder  eltdf-cf-8281  \" style=\"color: #0a0a0a\" data-item-class=\"eltdf-cf-8281\">\n\tEric Martin<\/h2><h2 class=\"eltdf-custom-font-holder textcolab eltdf-cf-9253  \" style=\"font-size: 14px;font-weight: 100;font-style: normal;color: #0a0a0a\" data-item-class=\"eltdf-cf-9253\">\n\tBailarina y core\u00f3grafa<\/h2>[\/vc_column][vc_column width=\u00bb1\/4&#8243;]<div class=\"eltdf-single-image-holder   eltdf-image-behavior-custom-link\">\n    <div class=\"eltdf-si-inner\" >\n        \t            <a itemprop=\"url\" href=\"\/collaborateurs\/adeline-fontaine\" target=\"_self\">\n                                    <img width=\"500\" height=\"703\" src=\"http:\/\/martaizquierdomunoz.com\/wp-content\/uploads\/2018\/11\/collab1.jpg\" class=\"attachment-full size-full\" alt=\"\" loading=\"lazy\" srcset=\"http:\/\/martaizquierdomunoz.com\/wp-content\/uploads\/2018\/11\/collab1.jpg 500w, http:\/\/martaizquierdomunoz.com\/wp-content\/uploads\/2018\/11\/collab1-213x300.jpg 213w\" sizes=\"(max-width: 500px) 100vw, 500px\" \/>                                <\/a>\n            <\/div>\n<\/div><h2 class=\"eltdf-custom-font-holder  eltdf-cf-2940  \" style=\"color: #0a0a0a\" data-item-class=\"eltdf-cf-2940\">\n\tAdeline Fontaine<\/h2><h2 class=\"eltdf-custom-font-holder textcolab eltdf-cf-2649  \" style=\"font-size: 14px;font-weight: 100;font-style: normal;color: #0a0a0a\" data-item-class=\"eltdf-cf-2649\">\n\tBailarina y core\u00f3grafa<\/h2>[\/vc_column][vc_column width=\u00bb1\/4&#8243;]<div class=\"eltdf-single-image-holder   eltdf-image-behavior-custom-link\">\n    <div class=\"eltdf-si-inner\" >\n        \t            <a itemprop=\"url\" href=\"\/collaborateurs\/anthony-merlaud\" target=\"_self\">\n                                    <img width=\"500\" height=\"703\" src=\"http:\/\/martaizquierdomunoz.com\/wp-content\/uploads\/2018\/11\/collab2.jpg\" class=\"attachment-full size-full\" alt=\"\" loading=\"lazy\" srcset=\"http:\/\/martaizquierdomunoz.com\/wp-content\/uploads\/2018\/11\/collab2.jpg 500w, http:\/\/martaizquierdomunoz.com\/wp-content\/uploads\/2018\/11\/collab2-213x300.jpg 213w\" sizes=\"(max-width: 500px) 100vw, 500px\" \/>                                <\/a>\n            <\/div>\n<\/div><h2 class=\"eltdf-custom-font-holder  eltdf-cf-5236  \" style=\"color: #0a0a0a\" data-item-class=\"eltdf-cf-5236\">\n\tAnthony Merlaud<\/h2><h2 class=\"eltdf-custom-font-holder textcolab eltdf-cf-5843  \" style=\"font-size: 14px;font-weight: 100;font-style: normal;color: #0a0a0a\" data-item-class=\"eltdf-cf-5843\">\n\tGesti\u00f3n y creaci\u00f3n de iluminaci\u00f3n<\/h2>[\/vc_column][vc_column width=\u00bb1\/4&#8243;]<div class=\"eltdf-single-image-holder   eltdf-image-behavior-custom-link\">\n    <div class=\"eltdf-si-inner\" >\n        \t            <a itemprop=\"url\" href=\"\/collaborateurs\/angele-micaux\" target=\"_self\">\n                                    <img width=\"500\" height=\"703\" src=\"http:\/\/martaizquierdomunoz.com\/wp-content\/uploads\/2018\/11\/angelege-micaux.png\" class=\"attachment-full size-full\" alt=\"\" loading=\"lazy\" srcset=\"http:\/\/martaizquierdomunoz.com\/wp-content\/uploads\/2018\/11\/angelege-micaux.png 500w, http:\/\/martaizquierdomunoz.com\/wp-content\/uploads\/2018\/11\/angelege-micaux-213x300.png 213w\" sizes=\"(max-width: 500px) 100vw, 500px\" \/>                                <\/a>\n            <\/div>\n<\/div><h2 class=\"eltdf-custom-font-holder  eltdf-cf-7550  \" style=\"color: #0a0a0a\" data-item-class=\"eltdf-cf-7550\">\n\tAng\u00e8le Micaux<\/h2><h2 class=\"eltdf-custom-font-holder textcolab eltdf-cf-6772  \" style=\"font-size: 14px;font-weight: 100;font-style: normal;color: #0a0a0a\" data-item-class=\"eltdf-cf-6772\">\n\tBailarina y core\u00f3grafa<\/h2>[\/vc_column][\/vc_row][vc_row row_content_width=\u00bbgrid\u00bb show_row_title=\u00bbno\u00bb title_color=\u00bb\u00bb title_border_color=\u00bb\u00bb][vc_column width=\u00bb1\/4&#8243;]<div class=\"eltdf-single-image-holder   eltdf-image-behavior-custom-link\">\n    <div class=\"eltdf-si-inner\" >\n        \t            <a itemprop=\"url\" href=\"\/collaborateurs\/benoist-bouvot\" target=\"_self\">\n                                    <img width=\"500\" height=\"703\" src=\"http:\/\/martaizquierdomunoz.com\/wp-content\/uploads\/2018\/11\/collab3.jpg\" class=\"attachment-full size-full\" alt=\"\" loading=\"lazy\" srcset=\"http:\/\/martaizquierdomunoz.com\/wp-content\/uploads\/2018\/11\/collab3.jpg 500w, http:\/\/martaizquierdomunoz.com\/wp-content\/uploads\/2018\/11\/collab3-213x300.jpg 213w\" sizes=\"(max-width: 500px) 100vw, 500px\" \/>                                <\/a>\n            <\/div>\n<\/div><h2 class=\"eltdf-custom-font-holder  eltdf-cf-7401  \" style=\"color: #0a0a0a\" data-item-class=\"eltdf-cf-7401\">\n\tBenoist Bouvot<\/h2><h2 class=\"eltdf-custom-font-holder textcolab eltdf-cf-7520  \" style=\"font-size: 14px;font-weight: 100;font-style: normal;color: #0a0a0a\" data-item-class=\"eltdf-cf-7520\">\n\tCreaci\u00f3n de sonido<\/h2>[\/vc_column][vc_column width=\u00bb1\/4&#8243;]<div class=\"eltdf-single-image-holder   eltdf-image-behavior-custom-link\">\n    <div class=\"eltdf-si-inner\" >\n        \t            <a itemprop=\"url\" href=\"\/collaborateurs\/youness-anzane\" target=\"_self\">\n                                    <img width=\"500\" height=\"703\" src=\"http:\/\/martaizquierdomunoz.com\/wp-content\/uploads\/2018\/11\/collarb6.jpg\" class=\"attachment-full size-full\" alt=\"\" loading=\"lazy\" srcset=\"http:\/\/martaizquierdomunoz.com\/wp-content\/uploads\/2018\/11\/collarb6.jpg 500w, http:\/\/martaizquierdomunoz.com\/wp-content\/uploads\/2018\/11\/collarb6-213x300.jpg 213w\" sizes=\"(max-width: 500px) 100vw, 500px\" \/>                                <\/a>\n            <\/div>\n<\/div><h2 class=\"eltdf-custom-font-holder  eltdf-cf-7558  \" style=\"color: #0a0a0a\" data-item-class=\"eltdf-cf-7558\">\n\tYouness Anzane<\/h2><h2 class=\"eltdf-custom-font-holder textcolab eltdf-cf-3923  \" style=\"font-size: 14px;font-weight: 100;font-style: normal;color: #0a0a0a\" data-item-class=\"eltdf-cf-3923\">\n\tDramaturgia<\/h2>[\/vc_column][vc_column width=\u00bb1\/4&#8243;]<div class=\"eltdf-single-image-holder   eltdf-image-behavior-custom-link\">\n    <div class=\"eltdf-si-inner\" >\n        \t            <a itemprop=\"url\" href=\"\/collaborateurs\/fabien-gautier\" target=\"_self\">\n                                    <img width=\"500\" height=\"703\" src=\"http:\/\/martaizquierdomunoz.com\/wp-content\/uploads\/2018\/11\/collarb5.jpg\" class=\"attachment-full size-full\" alt=\"\" loading=\"lazy\" srcset=\"http:\/\/martaizquierdomunoz.com\/wp-content\/uploads\/2018\/11\/collarb5.jpg 500w, http:\/\/martaizquierdomunoz.com\/wp-content\/uploads\/2018\/11\/collarb5-213x300.jpg 213w\" sizes=\"(max-width: 500px) 100vw, 500px\" \/>                                <\/a>\n            <\/div>\n<\/div><h2 class=\"eltdf-custom-font-holder  eltdf-cf-4450  \" style=\"color: #0a0a0a\" data-item-class=\"eltdf-cf-4450\">\n\tFabien Gautier<\/h2><h2 class=\"eltdf-custom-font-holder textcolab eltdf-cf-3113  \" style=\"font-size: 14px;font-weight: 100;font-style: normal;color: #0a0a0a\" data-item-class=\"eltdf-cf-3113\">\n\tBailarina y core\u00f3grafa<\/h2>[\/vc_column][vc_column width=\u00bb1\/4&#8243;][\/vc_column][\/vc_row][vc_row][vc_column][vc_empty_space height=\u00bb80&#8243;][\/vc_column][\/vc_row][\/vc_section]<\/p>\n","protected":false},"excerpt":{"rendered":"<p>[vc_row row_content_width=\u00bbgrid\u00bb show_row_title=\u00bbno\u00bb title_color=\u00bb\u00bb title_border_color=\u00bb\u00bb][vc_column offset=\u00bbvc_hidden-md vc_hidden-sm vc_hidden-xs\u00bb][vc_empty_space height=\u00bb200&#8243;][\/vc_column][\/vc_row][vc_section][vc_row][vc_column][vc_empty_space height=\u00bb35&#8243;][\/vc_column][\/vc_row][vc_row row_content_width=\u00bbgrid\u00bb show_row_title=\u00bbno\u00bb title_color=\u00bb\u00bb title_border_color=\u00bb\u00bb][vc_column width=\u00bb1\/4&#8243;][\/vc_column][vc_column width=\u00bb1\/4&#8243;][\/vc_column][vc_column width=\u00bb1\/4&#8243;][\/vc_column][vc_column width=\u00bb1\/4&#8243;][\/vc_column][\/vc_row][vc_row row_content_width=\u00bbgrid\u00bb show_row_title=\u00bbno\u00bb title_color=\u00bb\u00bb title_border_color=\u00bb\u00bb][vc_column width=\u00bb1\/4&#8243;][\/vc_column][vc_column width=\u00bb1\/4&#8243;][\/vc_column][vc_column width=\u00bb1\/4&#8243;][\/vc_column][vc_column width=\u00bb1\/4&#8243;][\/vc_column][\/vc_row][vc_row][vc_column][vc_empty_space height=\u00bb80&#8243;][\/vc_column][\/vc_row][\/vc_section]<\/p>\n","protected":false},"author":1,"featured_media":0,"parent":0,"menu_order":0,"comment_status":"closed","ping_status":"closed","template":"full-width.php","meta":[],"_links":{"self":[{"href":"http:\/\/martaizquierdomunoz.com\/es\/wp-json\/wp\/v2\/pages\/8354"}],"collection":[{"href":"http:\/\/martaizquierdomunoz.com\/es\/wp-json\/wp\/v2\/pages"}],"about":[{"href":"http:\/\/martaizquierdomunoz.com\/es\/wp-json\/wp\/v2\/types\/page"}],"author":[{"embeddable":true,"href":"http:\/\/martaizquierdomunoz.com\/es\/wp-json\/wp\/v2\/users\/1"}],"replies":[{"embeddable":true,"href":"http:\/\/martaizquierdomunoz.com\/es\/wp-json\/wp\/v2\/comments?post=8354"}],"version-history":[{"count":5,"href":"http:\/\/martaizquierdomunoz.com\/es\/wp-json\/wp\/v2\/pages\/8354\/revisions"}],"predecessor-version":[{"id":8359,"href":"http:\/\/martaizquierdomunoz.com\/es\/wp-json\/wp\/v2\/pages\/8354\/revisions\/8359"}],"wp:attachment":[{"href":"http:\/\/martaizquierdomunoz.com\/es\/wp-json\/wp\/v2\/media?parent=8354"}],"curies":[{"name":"wp","href":"https:\/\/api.w.org\/{rel}","templated":true}]}}