{"id":8478,"date":"2021-03-06T19:27:12","date_gmt":"2021-03-06T19:27:12","guid":{"rendered":"http:\/\/martaizquierdomunoz.com\/collaborators\/adeline-fontaine\/"},"modified":"2021-03-06T19:27:12","modified_gmt":"2021-03-06T19:27:12","slug":"adeline-fontaine","status":"publish","type":"page","link":"http:\/\/martaizquierdomunoz.com\/en\/collaborators\/adeline-fontaine\/","title":{"rendered":"Adeline Fontaine"},"content":{"rendered":"<p>[vc_row row_content_width=&#8221;grid&#8221; show_row_title=&#8221;no&#8221; title_color=&#8221;&#8221; title_border_color=&#8221;&#8221;][vc_column offset=&#8221;vc_hidden-md vc_hidden-sm vc_hidden-xs&#8221;][vc_empty_space height=&#8221;200&#8243;][\/vc_column][\/vc_row][vc_section][vc_row][vc_column width=&#8221;1\/2&#8243;]<div class=\"eltdf-single-image-holder   \">\n    <div class=\"eltdf-si-inner\" >\n                                    <img width=\"500\" height=\"703\" src=\"http:\/\/martaizquierdomunoz.com\/wp-content\/uploads\/2018\/11\/collab1.jpg\" class=\"attachment-full size-full\" alt=\"\" loading=\"lazy\" srcset=\"http:\/\/martaizquierdomunoz.com\/wp-content\/uploads\/2018\/11\/collab1.jpg 500w, http:\/\/martaizquierdomunoz.com\/wp-content\/uploads\/2018\/11\/collab1-213x300.jpg 213w\" sizes=\"(max-width: 500px) 100vw, 500px\" \/>                        <\/div>\n<\/div>[\/vc_column][vc_column width=&#8221;1\/2&#8243;][vc_column_text]<\/p>\n<h2 style=\"color: black;\">Adeline Fontaine<\/h2>\n<p>[\/vc_column_text][vc_empty_space height=&#8221;30&#8243;][vc_column_text]Adeline Fontaine was born in Sarthe into a farming family. Thanks to an ad in the mailbox, she enrolled in a ballet class and stayed there from the age of 8 to 18. At the same time, she practiced the violin for 6 years.<\/p>\n<p>At 18, she began studying philosophy at La Sorbonne and then turned away 3 years later, after completing her degree, to train in contemporary dance at the Rencontres Internationales de Danse Contemporaine (R.I.D.C.) in Paris.<\/p>\n<p>She continued her training in Toulouse by integrating Extensions (2014-2016) at the National Choreographic Development Center where she worked with Jeanne Candel, Lionel Gonzales, as well as Daniel Linehan for creations.<\/p>\n<p>There she met Marta Izquierdo Munoz whom she joined for the creation Imago go in 2018. Adeline also worked for three years for the theater company Merversible. Since 2016, she has been developing research on the border between theater and dance. She experimented with it by creating a Chair Ch\u00e8re performance, playing in short films, notably for Alice Gauthier and Daphn\u00e9 Achermann, and participating in the \u00c9pris d\u2019Incertitude research laboratory initiated by the MERCI group in Toulouse.[\/vc_column_text][\/vc_column][\/vc_row][vc_row][vc_column][vc_empty_space][\/vc_column][\/vc_row][\/vc_section]<\/p>\n","protected":false},"excerpt":{"rendered":"<p>[vc_row row_content_width=&#8221;grid&#8221; show_row_title=&#8221;no&#8221; title_color=&#8221;&#8221; title_border_color=&#8221;&#8221;][vc_column offset=&#8221;vc_hidden-md vc_hidden-sm vc_hidden-xs&#8221;][vc_empty_space height=&#8221;200&#8243;][\/vc_column][\/vc_row][vc_section][vc_row][vc_column width=&#8221;1\/2&#8243;][\/vc_column][vc_column width=&#8221;1\/2&#8243;][vc_column_text] Adeline Fontaine [\/vc_column_text][vc_empty_space height=&#8221;30&#8243;][vc_column_text]Adeline Fontaine was born in Sarthe into a farming family. Thanks to an ad in the mailbox, she enrolled in a ballet class and stayed there [&hellip;]<\/p>\n","protected":false},"author":1,"featured_media":0,"parent":8360,"menu_order":0,"comment_status":"closed","ping_status":"closed","template":"","meta":[],"_links":{"self":[{"href":"http:\/\/martaizquierdomunoz.com\/en\/wp-json\/wp\/v2\/pages\/8478"}],"collection":[{"href":"http:\/\/martaizquierdomunoz.com\/en\/wp-json\/wp\/v2\/pages"}],"about":[{"href":"http:\/\/martaizquierdomunoz.com\/en\/wp-json\/wp\/v2\/types\/page"}],"author":[{"embeddable":true,"href":"http:\/\/martaizquierdomunoz.com\/en\/wp-json\/wp\/v2\/users\/1"}],"replies":[{"embeddable":true,"href":"http:\/\/martaizquierdomunoz.com\/en\/wp-json\/wp\/v2\/comments?post=8478"}],"version-history":[{"count":2,"href":"http:\/\/martaizquierdomunoz.com\/en\/wp-json\/wp\/v2\/pages\/8478\/revisions"}],"predecessor-version":[{"id":8480,"href":"http:\/\/martaizquierdomunoz.com\/en\/wp-json\/wp\/v2\/pages\/8478\/revisions\/8480"}],"up":[{"embeddable":true,"href":"http:\/\/martaizquierdomunoz.com\/en\/wp-json\/wp\/v2\/pages\/8360"}],"wp:attachment":[{"href":"http:\/\/martaizquierdomunoz.com\/en\/wp-json\/wp\/v2\/media?parent=8478"}],"curies":[{"name":"wp","href":"https:\/\/api.w.org\/{rel}","templated":true}]}}