{"id":7864,"date":"2018-08-10T11:08:20","date_gmt":"2018-08-10T11:08:20","guid":{"rendered":"http:\/\/martaizquierdomunoz.com\/about-us\/"},"modified":"2021-03-07T13:50:19","modified_gmt":"2021-03-07T13:50:19","slug":"about-us","status":"publish","type":"page","link":"http:\/\/martaizquierdomunoz.com\/en\/","title":{"rendered":"Home"},"content":{"rendered":"<p>[vc_row content_placement=&#8221;middle&#8221; css_animation=&#8221;none&#8221; hover_anim=&#8221;color&#8221; hover_anim_color=&#8221;#ffffff&#8221; hover_anim_color_pre_hover=&#8221;color_before&#8221; hover_anim_speed=&#8221;slow&#8221; hover_anim_link=&#8221;url:%23two|||&#8221; css=&#8221;.vc_custom_1547630790273{padding-top: 400px !important;padding-bottom: 400px !important;background-position: center !important;background-repeat: no-repeat !important;background-size: cover !important;}&#8221; title_color=&#8221;&#8221; title_border_color=&#8221;#dd3333&#8243; simple_background_color=&#8221;#0a0a0a&#8221; anchor=&#8221;home&#8221;][vc_column offset=&#8221;vc_col-lg-12 vc_col-md-12 vc_hidden-md vc_hidden-sm vc_hidden-xs&#8221; css=&#8221;.vc_custom_1547630591692{padding-right: 100px !important;padding-left: 100px !important;}&#8221; el_class=&#8221;scrollid&#8221;]<div class='gambit_background_row' style='background-image: url(http:\/\/martaizquierdomunoz.com\/wp-content\/uploads\/2020\/07\/GUERILLERES-c-lodudo-produccion.jpg);background-size: cover;background-position: center;'><\/div>[\/vc_column][\/vc_row][vc_section full_width=&#8221;stretch_row&#8221; css=&#8221;.vc_custom_1541466193068{padding-bottom: 1px !important;background-position: center !important;background-repeat: no-repeat !important;background-size: cover !important;}&#8221;][vc_row][vc_column offset=&#8221;vc_hidden-md vc_hidden-sm vc_hidden-xs&#8221;][vc_empty_space height=&#8221;80&#8243;][\/vc_column][\/vc_row][vc_row row_content_width=&#8221;grid&#8221; show_row_title=&#8221;no&#8221; hover_anim_link=&#8221;url:%23three|||&#8221; title_color=&#8221;&#8221; title_border_color=&#8221;&#8221;][vc_column css=&#8221;.vc_custom_1541510600263{padding-right: 25px !important;padding-left: 25px !important;}&#8221;]<h2 class=\"eltdf-custom-font-holder  eltdf-cf-9180 eltdf-cf-has-type-out \" style=\"font-family: Roboto;font-size: 36px;font-weight: 800;text-transform: capitalize;text-align: left;color: #000000\" data-item-class=\"eltdf-cf-9180\" data-font-size-1024=\"36px\" data-font-size-768=\"36px\" data-font-size-680=\"36px\" data-line-height-1024=\"36px\" data-line-height-768=\"36px\" data-line-height-680=\"36px\">\n\tINTRODUCTION.<\/h2>[vc_empty_space height=&#8221;15&#8243;][vc_wp_text]<\/p>\n<p id=\"tw-target-text\" class=\"tw-data-text tw-text-large XcVN5d tw-ta\" dir=\"ltr\" data-placeholder=\"Traduction\"><span lang=\"en\">Coming to dance late after studying psychology in Madrid, her hometown, Marta Izquierdo Mu\u00f1oz practices dance with a certain bulimia (ballet, jazz, contemporary, flamenco, clubbing) before signing her first personal projects from 2007 and create his company [lodudo] producci\u00f3n. After having been a performer, notably with Carmen Werner (1996-1998), Catherine Diverr\u00e8s (CCNRB &#8211; from 2001 to 2007) and Fran\u00e7ois Verret (2006-2008), she directs her own projects towards tight forms (from solo accompanied to trio) , travelers (France, Spain, Germany, Austria, Japan, Morocco) and who take the time necessary for meetings. [..]<\/span><\/p>\n<p>[\/vc_wp_text]<div class=\"eltdf-elements-holder   eltdf-one-column  eltdf-responsive-mode-768 eltdf-one-column-alignment-center\" ><div class=\"eltdf-eh-item   eltdf-horizontal-alignment-right \"  data-item-class=\"eltdf-eh-custom-6642\">\n\t<div class=\"eltdf-eh-item-inner\">\n\t\t<div class=\"eltdf-eh-item-content eltdf-eh-custom-6642\" >\n\t\t\t[vc_empty_space height=&#8221;20&#8243;]<a itemprop=\"url\" href=\"http:\/\/martaizquierdomunoz.com\/biographie\/\" target=\"_self\" style=\"color: #0099ff;border-color: #0099ff;text-transform: uppercase;padding: 5px 10px 5px 10px\" class=\"eltdf-btn eltdf-btn-medium eltdf-btn-outline eltdf-btn-custom-hover-bg eltdf-btn-custom-border-hover eltdf-btn-custom-hover-color butt\" data-hover-color=\"#ff0088\" data-hover-bg-color=\"#ffffff\" data-hover-border-color=\"#ff0088\" >\n    <span class=\"eltdf-btn-text\">Lire la suite<\/span>\n    <\/a>\t\t<\/div>\n\t<\/div>\n<\/div><\/div>[\/vc_column][\/vc_row][vc_row content_placement=&#8221;middle&#8221; row_content_width=&#8221;grid&#8221; show_row_title=&#8221;no&#8221; hover_anim_link=&#8221;url:%23three|||&#8221; css=&#8221;.vc_custom_1541427280350{background-color: rgba(255,255,255,0.2) !important;*background-color: rgb(255,255,255) !important;}&#8221; title_color=&#8221;&#8221; title_border_color=&#8221;&#8221;][vc_column width=&#8221;1\/4&#8243; offset=&#8221;vc_hidden-sm vc_hidden-xs&#8221; css=&#8221;.vc_custom_1541426094933{padding-right: 30px !important;padding-left: 30px !important;background-position: center !important;background-repeat: no-repeat !important;background-size: cover !important;}&#8221;]<h2 class=\"eltdf-custom-font-holder  eltdf-cf-8477 eltdf-cf-has-type-out \" style=\"font-family: Roboto;font-size: 36px;font-weight: 800;text-transform: capitalize;text-align: left;color: #000000\" data-item-class=\"eltdf-cf-8477\">\n\tSHOW<\/h2>[\/vc_column][vc_column css_animation=&#8221;slideInLeft&#8221; width=&#8221;3\/4&#8243; offset=&#8221;vc_hidden-md vc_hidden-sm vc_hidden-xs&#8221;][\/vc_column][vc_column el_class=&#8221;projetsHome&#8221; offset=&#8221;vc_hidden-md vc_hidden-sm vc_hidden-xs&#8221;][vc_basic_grid post_type=&#8221;portfolio-item&#8221; max_items=&#8221;3&#8243; orderby=&#8221;title&#8221; order=&#8221;ASC&#8221; item=&#8221;7287&#8243; grid_id=&#8221;vc_gid:1615124936802-aa1d9d25-2373-4&#8243; exclude=&#8221;6429, 6958, 6272, 6371, 6367, 6390, 6400, 6414, 6943, 7204, 7199, 6960, 6949&#8243;][\/vc_column][\/vc_row][\/vc_section][vc_section full_width=&#8221;stretch_row&#8221; css=&#8221;.vc_custom_1541428014072{background-position: center !important;background-repeat: no-repeat !important;background-size: cover !important;}&#8221;][vc_row content_placement=&#8221;middle&#8221; row_content_width=&#8221;grid&#8221; show_row_title=&#8221;no&#8221; hover_anim_link=&#8221;url:%23three|||&#8221; css=&#8221;.vc_custom_1541445276584{background-color: rgba(255,255,255,0.2) !important;*background-color: rgb(255,255,255) !important;}&#8221; title_color=&#8221;&#8221; title_border_color=&#8221;&#8221;][vc_column width=&#8221;1\/3&#8243; offset=&#8221;vc_hidden-md vc_hidden-sm vc_hidden-xs&#8221;]<h2 class=\"eltdf-custom-font-holder  eltdf-cf-5636 eltdf-cf-has-type-out \" style=\"font-family: Roboto;font-size: 36px;font-weight: 800;text-transform: capitalize;text-align: left;color: #000000\" data-item-class=\"eltdf-cf-5636\">\n\tNEXT SHOWS<\/h2>[\/vc_column][vc_column css_animation=&#8221;slideInRight&#8221; width=&#8221;2\/3&#8243; offset=&#8221;vc_hidden-md vc_hidden-sm vc_hidden-xs&#8221; css=&#8221;.vc_custom_1541512333251{padding-right: 30px !important;padding-left: 30px !important;background-position: center !important;background-repeat: no-repeat !important;background-size: cover !important;}&#8221;][\/vc_column][vc_column offset=&#8221;vc_hidden-md vc_hidden-sm vc_hidden-xs&#8221;][vc_basic_grid post_type=&#8221;evenement&#8221; max_items=&#8221;8&#8243; element_width=&#8221;12&#8243; gap=&#8221;20&#8243; orderby=&#8221;meta_value&#8221; order=&#8221;ASC&#8221; item=&#8221;7018&#8243; grid_id=&#8221;vc_gid:1615124936805-dcb08699-d121-2&#8243; meta_key=&#8221;date_spectacle&#8221;]<div class=\"eltdf-elements-holder   eltdf-one-column  eltdf-responsive-mode-768 eltdf-one-column-alignment-center\" ><div class=\"eltdf-eh-item   eltdf-horizontal-alignment-center \"  data-item-class=\"eltdf-eh-custom-8687\">\n\t<div class=\"eltdf-eh-item-inner\">\n\t\t<div class=\"eltdf-eh-item-content eltdf-eh-custom-8687\" >\n\t\t\t[vc_empty_space height=&#8221;50&#8243;]<a itemprop=\"url\" href=\"\/calendrier\" target=\"_self\" style=\"color: #ff0088;border-color: #ff0088;font-size: 15px;text-transform: uppercase\" class=\"eltdf-btn eltdf-btn-large eltdf-btn-outline eltdf-btn-custom-hover-bg eltdf-btn-custom-border-hover eltdf-btn-custom-hover-color butt\" data-hover-color=\"#0099ff\" data-hover-bg-color=\"#ffffff\" data-hover-border-color=\"#0099ff\" >\n    <span class=\"eltdf-btn-text\">ALL DATES<\/span>\n    <\/a>\t\t<\/div>\n\t<\/div>\n<\/div><\/div>[\/vc_column][\/vc_row][\/vc_section][vc_row content_placement=&#8221;middle&#8221; row_content_width=&#8221;grid&#8221; show_row_title=&#8221;no&#8221; hover_anim_link=&#8221;url:%23three|||&#8221; css=&#8221;.vc_custom_1541445276584{background-color: rgba(255,255,255,0.2) !important;*background-color: rgb(255,255,255) !important;}&#8221; title_color=&#8221;&#8221; title_border_color=&#8221;&#8221;][vc_column width=&#8221;1\/3&#8243; offset=&#8221;vc_hidden-md vc_hidden-sm vc_hidden-xs&#8221;]<h2 class=\"eltdf-custom-font-holder  eltdf-cf-2628 eltdf-cf-has-type-out \" style=\"font-family: Roboto;font-size: 36px;font-weight: 800;text-transform: capitalize;text-align: left;color: #000000\" data-item-class=\"eltdf-cf-2628\">\n\tPARTNERS<\/h2>[\/vc_column][vc_column css_animation=&#8221;slideInRight&#8221; width=&#8221;2\/3&#8243; offset=&#8221;vc_hidden-md vc_hidden-sm vc_hidden-xs&#8221; css=&#8221;.vc_custom_1541512333251{padding-right: 30px !important;padding-left: 30px !important;background-position: center !important;background-repeat: no-repeat !important;background-size: cover !important;}&#8221;][\/vc_column][vc_column offset=&#8221;vc_hidden-md vc_hidden-sm vc_hidden-xs&#8221;]<div class=\"eltdf-clients-carousel-holder eltdf-cc-hover-switch-images\">\n\t<div class=\"eltdf-cc-inner eltdf-owl-slider\" data-number-of-items=\"5\" data-enable-loop=\"yes\" data-enable-autoplay=\"yes\" data-slider-speed=\"5000\" data-slider-speed-animation=\"600\" data-enable-navigation=\"no\" data-enable-pagination=\"no\">\n\t\t<div class=\"eltdf-cc-item eltdf-item-space eltdf-cci-no-link\">\n    <div class=\"eltdf-clients-images-holder\">\n                                    <img itemprop=\"image\" class=\"eltdf-cc-image\" src=\"http:\/\/martaizquierdomunoz.com\/wp-content\/uploads\/2021\/02\/Plan-de-travail-1-1.png\" alt=\"logo de Lodudo\" \/>\n                                        <img itemprop=\"image\" class=\"eltdf-cc-hover-image\" src=\"http:\/\/martaizquierdomunoz.com\/wp-content\/uploads\/2021\/02\/Plan-de-travail-11.png\" alt=\"\" \/>\n                        <\/div>\n<\/div><div class=\"eltdf-cc-item eltdf-item-space eltdf-cci-no-link\">\n    <div class=\"eltdf-clients-images-holder\">\n                                    <img itemprop=\"image\" class=\"eltdf-cc-image\" src=\"http:\/\/martaizquierdomunoz.com\/wp-content\/uploads\/2021\/02\/Plan-de-travail-1-copie-3-1.png\" alt=\"\" \/>\n                                        <img itemprop=\"image\" class=\"eltdf-cc-hover-image\" src=\"http:\/\/martaizquierdomunoz.com\/wp-content\/uploads\/2021\/02\/Plan-de-travail-1-copie-31.png\" alt=\"\" \/>\n                        <\/div>\n<\/div><div class=\"eltdf-cc-item eltdf-item-space eltdf-cci-no-link\">\n    <div class=\"eltdf-clients-images-holder\">\n                                    <img itemprop=\"image\" class=\"eltdf-cc-image\" src=\"http:\/\/martaizquierdomunoz.com\/wp-content\/uploads\/2021\/02\/Plan-de-travail-1-copie-1.png\" alt=\"\" \/>\n                                        <img itemprop=\"image\" class=\"eltdf-cc-hover-image\" src=\"http:\/\/martaizquierdomunoz.com\/wp-content\/uploads\/2021\/02\/Plan-de-travail-11-copie.png\" alt=\"\" \/>\n                        <\/div>\n<\/div><div class=\"eltdf-cc-item eltdf-item-space eltdf-cci-no-link\">\n    <div class=\"eltdf-clients-images-holder\">\n                                    <img itemprop=\"image\" class=\"eltdf-cc-image\" src=\"http:\/\/martaizquierdomunoz.com\/wp-content\/uploads\/2021\/02\/Plan-de-travail-1-copie-4-1.png\" alt=\"\" \/>\n                                        <img itemprop=\"image\" class=\"eltdf-cc-hover-image\" src=\"http:\/\/martaizquierdomunoz.com\/wp-content\/uploads\/2021\/02\/Plan-de-travail-1-copie-41.png\" alt=\"\" \/>\n                        <\/div>\n<\/div><div class=\"eltdf-cc-item eltdf-item-space eltdf-cci-no-link\">\n    <div class=\"eltdf-clients-images-holder\">\n                                    <img itemprop=\"image\" class=\"eltdf-cc-image\" src=\"http:\/\/martaizquierdomunoz.com\/wp-content\/uploads\/2021\/02\/Plan-de-travail-1-copie-2-1.png\" alt=\"\" \/>\n                                        <img itemprop=\"image\" class=\"eltdf-cc-hover-image\" src=\"http:\/\/martaizquierdomunoz.com\/wp-content\/uploads\/2021\/02\/Plan-de-travail-1-copie-21.png\" alt=\"\" \/>\n                        <\/div>\n<\/div>\t<\/div>\n<\/div>[\/vc_column][\/vc_row][vc_row content_placement=&#8221;middle&#8221; disable_element=&#8221;yes&#8221; row_content_width=&#8221;grid&#8221; show_row_title=&#8221;no&#8221; content_text_aligment=&#8221;center&#8221; css=&#8221;.vc_custom_1541446907506{margin-top: 80px !important;background-color: #ffffff !important;background-position: center !important;background-repeat: no-repeat !important;background-size: cover !important;}&#8221; title_color=&#8221;&#8221; title_border_color=&#8221;&#8221; simple_background_color=&#8221;rgba(0,0,0,0.01)&#8221;][vc_column width=&#8221;1\/3&#8243; css=&#8221;.vc_custom_1541444897684{border-top-width: 10px !important;border-right-width: 10px !important;border-bottom-width: 10px !important;border-left-width: 10px !important;padding-top: 200px !important;padding-bottom: 200px !important;border-left-color: #d0ff00 !important;border-left-style: solid !important;border-right-color: #d0ff00 !important;border-right-style: solid !important;border-top-color: #d0ff00 !important;border-top-style: solid !important;border-bottom-color: #d0ff00 !important;border-bottom-style: solid !important;}&#8221; el_id=&#8221;newsletter&#8221;][\/vc_column][vc_column width=&#8221;2\/3&#8243; css=&#8221;.vc_custom_1541445031942{padding-top: 50px !important;padding-right: 50px !important;padding-bottom: 50px !important;padding-left: 50px !important;}&#8221;]<h2 class=\"eltdf-custom-font-holder  eltdf-cf-9556 eltdf-cf-has-type-out \" style=\"font-family: Roboto;font-size: 36px;font-weight: 800;text-transform: capitalize;text-align: center;color: #000000\" data-item-class=\"eltdf-cf-9556\">\n\tNEWSLETTER<\/h2>[vc_empty_space height=&#8221;12px&#8221;]<div role=\"form\" class=\"wpcf7\" id=\"wpcf7-f281-o1\" lang=\"en-US\" dir=\"ltr\">\n<div class=\"screen-reader-response\"><p role=\"status\" aria-live=\"polite\" aria-atomic=\"true\"><\/p> <ul><\/ul><\/div>\n<form action=\"\/en\/wp-json\/wp\/v2\/pages\/7864#wpcf7-f281-o1\" method=\"post\" class=\"wpcf7-form init cf7_custom_style_1\" novalidate=\"novalidate\" data-status=\"init\">\n<div style=\"display: none;\">\n<input type=\"hidden\" name=\"_wpcf7\" value=\"281\" \/>\n<input type=\"hidden\" name=\"_wpcf7_version\" value=\"5.6\" \/>\n<input type=\"hidden\" name=\"_wpcf7_locale\" value=\"en_US\" \/>\n<input type=\"hidden\" name=\"_wpcf7_unit_tag\" value=\"wpcf7-f281-o1\" \/>\n<input type=\"hidden\" name=\"_wpcf7_container_post\" value=\"0\" \/>\n<input type=\"hidden\" name=\"_wpcf7_posted_data_hash\" value=\"\" \/>\n<\/div>\n<div class=\"eltdf-two-columns-form-without-space eltdf-newsletter-form\">\n<div class=\"eltdf-column-left\">\n<span class=\"wpcf7-form-control-wrap\" data-name=\"your-email\"><input type=\"email\" name=\"your-email\" value=\"\" size=\"40\" class=\"wpcf7-form-control wpcf7-text wpcf7-email wpcf7-validates-as-required wpcf7-validates-as-email\" aria-required=\"true\" aria-invalid=\"false\" \/><\/span>\n<\/div>\n<div class=\"eltdf-column-right\">\n<input type=\"submit\" value=\"&#xf474;\" class=\"wpcf7-form-control has-spinner wpcf7-submit\" \/>\n<\/div>\n<\/div>\n<div class=\"wpcf7-response-output\" aria-hidden=\"true\"><\/div><\/form><\/div>[vc_empty_space height=&#8221;12px&#8221;]<h2 class=\"eltdf-custom-font-holder  eltdf-cf-6030  \" style=\"font-size: 20px;font-weight: 400;color: #0a0a0a\" data-item-class=\"eltdf-cf-6030\">\n\tInscrivez-vous pour recevoir les derni\u00e8res actualit\u00e9s<\/h2>[vc_empty_space height=&#8221;60px&#8221;][\/vc_column][\/vc_row][vc_row content_placement=&#8221;middle&#8221; disable_element=&#8221;yes&#8221; row_content_width=&#8221;grid&#8221; show_row_title=&#8221;no&#8221; content_text_aligment=&#8221;center&#8221; css=&#8221;.vc_custom_1541448193355{margin-top: 80px !important;background-color: #ffffff !important;background-position: center !important;background-repeat: no-repeat !important;background-size: cover !important;}&#8221; title_color=&#8221;&#8221; title_border_color=&#8221;&#8221; simple_background_color=&#8221;rgba(0,0,0,0.01)&#8221;][vc_column css=&#8221;.vc_custom_1541448052539{border-top-width: 10px !important;border-right-width: 10px !important;border-bottom-width: 10px !important;border-left-width: 10px !important;padding-top: 30px !important;padding-right: 100px !important;padding-bottom: 30px !important;padding-left: 100px !important;border-left-color: #0099ff !important;border-left-style: solid !important;border-right-color: #0099ff !important;border-right-style: solid !important;border-top-color: #0099ff !important;border-top-style: solid !important;border-bottom-color: #0099ff !important;border-bottom-style: solid !important;border-radius: 35px !important;}&#8221; el_class=&#8221;circle&#8221;]<h2 class=\"eltdf-custom-font-holder  eltdf-cf-7749  \" style=\"font-family: Roboto;font-size: 36px;font-weight: 800;text-transform: capitalize;text-align: center;color: #0099ff\" data-item-class=\"eltdf-cf-7749\">\n\tNEWSLETTER<\/h2><div role=\"form\" class=\"wpcf7\" id=\"wpcf7-f281-o2\" lang=\"en-US\" dir=\"ltr\">\n<div class=\"screen-reader-response\"><p role=\"status\" aria-live=\"polite\" aria-atomic=\"true\"><\/p> <ul><\/ul><\/div>\n<form action=\"\/en\/wp-json\/wp\/v2\/pages\/7864#wpcf7-f281-o2\" method=\"post\" class=\"wpcf7-form init cf7_custom_style_1\" novalidate=\"novalidate\" data-status=\"init\">\n<div style=\"display: none;\">\n<input type=\"hidden\" name=\"_wpcf7\" value=\"281\" \/>\n<input type=\"hidden\" name=\"_wpcf7_version\" value=\"5.6\" \/>\n<input type=\"hidden\" name=\"_wpcf7_locale\" value=\"en_US\" \/>\n<input type=\"hidden\" name=\"_wpcf7_unit_tag\" value=\"wpcf7-f281-o2\" \/>\n<input type=\"hidden\" name=\"_wpcf7_container_post\" value=\"0\" \/>\n<input type=\"hidden\" name=\"_wpcf7_posted_data_hash\" value=\"\" \/>\n<\/div>\n<div class=\"eltdf-two-columns-form-without-space eltdf-newsletter-form\">\n<div class=\"eltdf-column-left\">\n<span class=\"wpcf7-form-control-wrap\" data-name=\"your-email\"><input type=\"email\" name=\"your-email\" value=\"\" size=\"40\" class=\"wpcf7-form-control wpcf7-text wpcf7-email wpcf7-validates-as-required wpcf7-validates-as-email\" aria-required=\"true\" aria-invalid=\"false\" \/><\/span>\n<\/div>\n<div class=\"eltdf-column-right\">\n<input type=\"submit\" value=\"&#xf474;\" class=\"wpcf7-form-control has-spinner wpcf7-submit\" \/>\n<\/div>\n<\/div>\n<div class=\"wpcf7-response-output\" aria-hidden=\"true\"><\/div><\/form><\/div><h2 class=\"eltdf-custom-font-holder  eltdf-cf-6345  \" style=\"font-size: 20px;font-weight: 400;color: #0099ff\" data-item-class=\"eltdf-cf-6345\">\n\tInscrivez-vous pour recevoir les derni\u00e8res actualit\u00e9s<\/h2>[\/vc_column][\/vc_row][vc_row full_width=&#8221;stretch_row&#8221; content_placement=&#8221;bottom&#8221; disable_element=&#8221;yes&#8221; title_color=&#8221;&#8221; title_border_color=&#8221;&#8221; css=&#8221;.vc_custom_1542042663033{margin-top: 50px !important;}&#8221;][vc_column offset=&#8221;vc_hidden-md vc_hidden-sm vc_hidden-xs&#8221; css=&#8221;.vc_custom_1541470672904{margin-bottom: -30px !important;}&#8221;]<svg id=\"gambit-row-separator-1\" preserveAspectRatio=\"xMidYMax meet\" class=\"gambit_separator gambit_sep_top gambit-sep-type-dissolve-square\" viewBox=\"0 0 1600 200\" data-bg-color=\"#d6d6d6\" style=\"display: none; width: 100%; height: calc(200 \/ 1600 * 100vw)\" data-height=\"200\"><svg id=\"Calque_1\" data-name=\"Calque 1\" xmlns=\"http:\/\/www.w3.org\/2000\/svg\" viewBox=\"0 0 532 266\"><defs><style>.cls-1{fill:#f08;}<\/style><\/defs><title>Sans titre - 1<\/title><path class=\"cls-1\" d=\"M615.45,81.45A261,261,0,0,1,1061,266h5C1066,119.09,946.91,0,800,0S534,119.09,534,266h5A259.25,259.25,0,0,1,615.45,81.45Z\" transform=\"translate(-534 0)\"\/><path class=\"cls-1\" d=\"M800,5A261,261,0,0,0,539,266h5a256,256,0,1,1,512,0h5A261,261,0,0,0,800,5Z\" transform=\"translate(-534 0)\"\/><\/svg><\/svg>[\/vc_column][\/vc_row]<\/p>\n","protected":false},"excerpt":{"rendered":"<p>[vc_row content_placement=&#8221;middle&#8221; css_animation=&#8221;none&#8221; hover_anim=&#8221;color&#8221; hover_anim_color=&#8221;#ffffff&#8221; hover_anim_color_pre_hover=&#8221;color_before&#8221; hover_anim_speed=&#8221;slow&#8221; hover_anim_link=&#8221;url:%23two|||&#8221; css=&#8221;.vc_custom_1547630790273{padding-top: 400px !important;padding-bottom: 400px !important;background-position: center !important;background-repeat: no-repeat !important;background-size: cover !important;}&#8221; title_color=&#8221;&#8221; title_border_color=&#8221;#dd3333&#8243; simple_background_color=&#8221;#0a0a0a&#8221; anchor=&#8221;home&#8221;][vc_column offset=&#8221;vc_col-lg-12 vc_col-md-12 vc_hidden-md vc_hidden-sm vc_hidden-xs&#8221; css=&#8221;.vc_custom_1547630591692{padding-right: 100px !important;padding-left: 100px !important;}&#8221; el_class=&#8221;scrollid&#8221;][\/vc_column][\/vc_row][vc_section full_width=&#8221;stretch_row&#8221; css=&#8221;.vc_custom_1541466193068{padding-bottom: 1px !important;background-position: center !important;background-repeat: [&hellip;]<\/p>\n","protected":false},"author":1,"featured_media":7866,"parent":0,"menu_order":0,"comment_status":"closed","ping_status":"closed","template":"full-width.php","meta":[],"_links":{"self":[{"href":"http:\/\/martaizquierdomunoz.com\/en\/wp-json\/wp\/v2\/pages\/7864"}],"collection":[{"href":"http:\/\/martaizquierdomunoz.com\/en\/wp-json\/wp\/v2\/pages"}],"about":[{"href":"http:\/\/martaizquierdomunoz.com\/en\/wp-json\/wp\/v2\/types\/page"}],"author":[{"embeddable":true,"href":"http:\/\/martaizquierdomunoz.com\/en\/wp-json\/wp\/v2\/users\/1"}],"replies":[{"embeddable":true,"href":"http:\/\/martaizquierdomunoz.com\/en\/wp-json\/wp\/v2\/comments?post=7864"}],"version-history":[{"count":10,"href":"http:\/\/martaizquierdomunoz.com\/en\/wp-json\/wp\/v2\/pages\/7864\/revisions"}],"predecessor-version":[{"id":8533,"href":"http:\/\/martaizquierdomunoz.com\/en\/wp-json\/wp\/v2\/pages\/7864\/revisions\/8533"}],"wp:featuredmedia":[{"embeddable":true,"href":"http:\/\/martaizquierdomunoz.com\/en\/wp-json\/wp\/v2\/media\/7866"}],"wp:attachment":[{"href":"http:\/\/martaizquierdomunoz.com\/en\/wp-json\/wp\/v2\/media?parent=7864"}],"curies":[{"name":"wp","href":"https:\/\/api.w.org\/{rel}","templated":true}]}}